{"id":98710,"date":"2019-11-29T11:05:19","date_gmt":"2019-11-29T10:05:19","guid":{"rendered":"https:\/\/car-tours.ch\/?page_id=98710"},"modified":"2019-11-29T11:05:19","modified_gmt":"2019-11-29T10:05:19","slug":"desinscription-newsletter","status":"publish","type":"page","link":"https:\/\/e-bike-tours.ch\/fr\/desinscription-newsletter\/","title":{"rendered":"Desinscription Newsletter"},"content":{"rendered":"<div class=\"wpb-content-wrapper\">[vc_row el_class=\u00a0\u00bbwk-section\u00a0\u00bb][vc_column][vc_column_text]\n<h1>Desinscription Newsletter<\/h1>\n<h3>Vous vous \u00eates d\u00e9sabonn\u00e9 de notre liste de diffusion et vous ne recevez aucune lettre d&rsquo;information.<\/h3>\n[\/vc_column_text][\/vc_column][\/vc_row]\n<\/div>","protected":false},"excerpt":{"rendered":"<p>[vc_row el_class=\u00a0\u00bbwk-section\u00a0\u00bb][vc_column][vc_column_text] Desinscription Newsletter Vous vous \u00eates d\u00e9sabonn\u00e9 de notre liste de diffusion et vous ne recevez aucune lettre d&rsquo;information. [\/vc_column_text][\/vc_column][\/vc_row]<\/p>\n","protected":false},"author":1,"featured_media":0,"parent":0,"menu_order":0,"comment_status":"closed","ping_status":"closed","template":"","meta":{"_acf_changed":false,"footnotes":""},"class_list":["post-98710","page","type-page","status-publish","hentry","entry","no-media"],"acf":[],"_links":{"self":[{"href":"https:\/\/e-bike-tours.ch\/fr\/wp-json\/wp\/v2\/pages\/98710","targetHints":{"allow":["GET"]}}],"collection":[{"href":"https:\/\/e-bike-tours.ch\/fr\/wp-json\/wp\/v2\/pages"}],"about":[{"href":"https:\/\/e-bike-tours.ch\/fr\/wp-json\/wp\/v2\/types\/page"}],"author":[{"embeddable":true,"href":"https:\/\/e-bike-tours.ch\/fr\/wp-json\/wp\/v2\/users\/1"}],"replies":[{"embeddable":true,"href":"https:\/\/e-bike-tours.ch\/fr\/wp-json\/wp\/v2\/comments?post=98710"}],"version-history":[{"count":1,"href":"https:\/\/e-bike-tours.ch\/fr\/wp-json\/wp\/v2\/pages\/98710\/revisions"}],"predecessor-version":[{"id":98711,"href":"https:\/\/e-bike-tours.ch\/fr\/wp-json\/wp\/v2\/pages\/98710\/revisions\/98711"}],"wp:attachment":[{"href":"https:\/\/e-bike-tours.ch\/fr\/wp-json\/wp\/v2\/media?parent=98710"}],"curies":[{"name":"wp","href":"https:\/\/api.w.org\/{rel}","templated":true}]}}