{"id":94253,"date":"2019-03-15T11:02:27","date_gmt":"2019-03-15T11:02:27","guid":{"rendered":"https:\/\/car-tours.dev4.webkoenig.ch\/sur-nous\/unser-partner\/"},"modified":"2025-03-24T15:48:21","modified_gmt":"2025-03-24T14:48:21","slug":"nos-avantages","status":"publish","type":"page","link":"https:\/\/e-bike-tours.ch\/fr\/sur-nous\/nos-avantages\/","title":{"rendered":"Nos avantages"},"content":{"rendered":"<div class=\"wpb-content-wrapper\">[vc_section][vc_row full_width=\u00a0\u00bbstretch_row_content_no_spaces\u00a0\u00bb css=\u00a0\u00bb.vc_custom_1742827642905{background-image: url(https:\/\/e-bike-tours.ch\/wp-content\/uploads\/2025\/03\/Header-Kueste.jpg?id=134885) !important;background-position: center !important;background-repeat: no-repeat !important;background-size: cover !important;}\u00a0\u00bb el_class=\u00a0\u00bbwk-header\u00a0\u00bb][vc_column][\/vc_column][\/vc_row][\/vc_section][vc_section el_class=\u00a0\u00bbwk-section\u00a0\u00bb][vc_row][vc_column][vc_column_text]\n<h1>Des avantages qui font la diff\u00e9rence: les bonnes raisons de voyager avec nous!<\/h1>\n[\/vc_column_text][\/vc_column][\/vc_row][vc_row el_class=\u00a0\u00bbwk-row\u00a0\u00bb][vc_column width=\u00a0\u00bb1\/2&Prime;][vc_column_text css=\u00a0\u00bb\u00a0\u00bb]\n<h3>Des itin\u00e9raires uniques<\/h3>\n<p>Tous les circuits font l\u2019objet d\u2019une reconnaissance sur place et d\u2019une pr\u00e9paration minutieuse par des professionnels du cyclotourisme. Vous p\u00e9dalez le long des plus beaux itin\u00e9raires, sur des chemins paisibles \u00e0 l\u2019\u00e9cart des foules. Les destinations quotidiennes, les trajets et les h\u00f4tels sont con\u00e7us pour faire de votre voyage une exp\u00e9rience parfaite.<\/p>\n<h3>Des guides exp\u00e9riment\u00e9s<\/h3>\n<p>Nos circuits en e-bike sont encadr\u00e9s par des professionnels du cyclotourisme chevronn\u00e9s. Nos guides sont conscients de leurs responsabilit\u00e9s et connaissent la r\u00e9gion comme leur poche. Ils savent o\u00f9 se trouvent les plus belles \u00e9tapes. En cas d\u2019impr\u00e9vu, ils sont parfaitement form\u00e9s pour relever les d\u00e9fis.<\/p>\n<h3>Car moderne et remorque pour v\u00e9los<\/h3>\n<p>Vous voyagez confortablement en car jusqu\u2019au point de d\u00e9part du circuit. Les e-bikes sont transport\u00e9s en toute s\u00e9curit\u00e9 dans une remorque moderne pour v\u00e9los. Le car reste sur place tout au long du voyage. Souhaitez-vous \u00e9courter une \u00e9tape ou m\u00eame y renoncer totalement? Aucun probl\u00e8me! Confortablement install\u00e9s dans le car, vous pouvez \u00e9galement profiter du trajet.<\/p>\n<h3>Petits groupes<\/h3>\n<p>Tous les circuits sont accompagn\u00e9s d\u2019un chauffeur et de deux guides cyclistes \u2013 un vrai plus rarement propos\u00e9 ailleurs que chez nous! L\u2019avantage? Des groupes de 15 personnes maximum par guide pour un meilleur encadrement.<\/p>\n<h3>Des h\u00e9bergements de qualit\u00e9<\/h3>\n<p>Nous ne logeons que dans de bons h\u00f4tels. Que ce soit en ville dans un h\u00f4tel 4 \u00e9toiles ou dans une auberge de campagne g\u00e9r\u00e9e en famille. Nous choisissons des lieux aussi centraux que possible pour que vous puissiez fl\u00e2ner et profiter de vos soir\u00e9es. \u00c0 l\u2019h\u00f4tel, votre e-bike est parqu\u00e9 en toute s\u00e9curit\u00e9 et la batterie est recharg\u00e9e pendant la nuit.[\/vc_column_text][\/vc_column][vc_column width=\u00a0\u00bb1\/2&Prime;][vc_column_text css=\u00a0\u00bb\u00a0\u00bb]\n<h3>Des lieux d\u2019embarquement centraux avec des places de stationnement pour votre voiture<\/h3>\n<p>Votre voyage d\u00e9bute et s\u2019ach\u00e8ve dans l\u2019un des <a href=\"https:\/\/e-bike-tours.ch\/fr\/sur-nos-voyages\/lieux-de-depart\/\">trois lieux de d\u00e9part <\/a>suivants, \u00e0 choix, o\u00f9 vous pourrez \u00e9galement parquer votre voiture \u00e0 un tarif avantageux:<\/p>\n<p>&#8211; Tavel (D\u00e9part \u2013 terminal des cars Horner Voyages)<\/p>\n<p>&#8211; Cossonay (TCS, Section Vaudoise)<\/p>\n<p>&#8211; Vernier (TCS, si\u00e8ge principal)<\/p>\n<h3>Bien plus que de simples randonn\u00e9es en e-bike<\/h3>\n<p>Les programmes journaliers de nos voyages font aussi la part belle aux \u00e9tapes culturelles et culinaires. D\u00e9gustations, billets d\u2019entr\u00e9es et visites guid\u00e9es passionnantes sont souvent incluses dans nos prestations!<\/p>\n<h3>Voyager en bonne compagnie<\/h3>\n<p>Au-del\u00e0 de la beaut\u00e9 des circuits, l\u2019exp\u00e9rience de groupe est au c\u0153ur de nos voyages. Rester actif, profiter du moment, s\u2019\u00e9tonner, faire des d\u00e9couvertes et rire en bonne compagnie! Pour des moments qui procurent du plaisir, r\u00e9chauffent les c\u0153urs et font \u00e9clore de solides amiti\u00e9s durables.<\/p>\n<h3>Le plaisir de voyager<\/h3>\n<p>Nos s\u00e9jours ne sont pas des camps d\u2019entra\u00eenement \u2013 priorit\u00e9 est donn\u00e9e \u00e0 la d\u00e9tente active et au plaisir. Pour nous, l\u2019exp\u00e9rience du voyage est plus importante que les kilom\u00e8tres parcourus. Nous prenons parfois un peu plus de temps pour les arr\u00eats gourmands et les d\u00e9couvertes.<\/p>\n<h3>Nous nous occupons de tout<\/h3>\n<p>Seule une bonne organisation sur place est l\u2019assurance d\u2019un voyage inoubliable. Nous r\u00e9glons tous les d\u00e9tails avant le voyage, v\u00e9rifions r\u00e9guli\u00e8rement les diff\u00e9rents itin\u00e9raires et le d\u00e9roulement du programme, afin que vous puissiez profiter de votre voyage l\u2019esprit libre.[\/vc_column_text][\/vc_column][\/vc_row][\/vc_section]\n<\/div>","protected":false},"excerpt":{"rendered":"<p>[vc_section][vc_row full_width=\u00a0\u00bbstretch_row_content_no_spaces\u00a0\u00bb css=\u00a0\u00bb.vc_custom_1742827642905{background-image: url(https:\/\/e-bike-tours.ch\/wp-content\/uploads\/2025\/03\/Header-Kueste.jpg?id=134885) !important;background-position: center !important;background-repeat: no-repeat !important;background-size: cover !important;}\u00a0\u00bb el_class=\u00a0\u00bbwk-header\u00a0\u00bb][vc_column][\/vc_column][\/vc_row][\/vc_section][vc_section el_class=\u00a0\u00bbwk-section\u00a0\u00bb][vc_row][vc_column][vc_column_text] Des avantages qui font la diff\u00e9rence: les bonnes raisons de voyager avec nous! [\/vc_column_text][\/vc_column][\/vc_row][vc_row el_class=\u00a0\u00bbwk-row\u00a0\u00bb][vc_column width=\u00a0\u00bb1\/2&Prime;][vc_column_text css=\u00a0\u00bb\u00a0\u00bb] Des itin\u00e9raires uniques Tous les circuits font l\u2019objet d\u2019une reconnaissance sur place et d\u2019une pr\u00e9paration minutieuse par des professionnels du cyclotourisme. Vous p\u00e9dalez le long&hellip;<\/p>\n","protected":false},"author":1,"featured_media":0,"parent":94011,"menu_order":0,"comment_status":"closed","ping_status":"closed","template":"","meta":{"_acf_changed":false,"footnotes":""},"class_list":["post-94253","page","type-page","status-publish","hentry","entry","no-media"],"acf":[],"_links":{"self":[{"href":"https:\/\/e-bike-tours.ch\/fr\/wp-json\/wp\/v2\/pages\/94253","targetHints":{"allow":["GET"]}}],"collection":[{"href":"https:\/\/e-bike-tours.ch\/fr\/wp-json\/wp\/v2\/pages"}],"about":[{"href":"https:\/\/e-bike-tours.ch\/fr\/wp-json\/wp\/v2\/types\/page"}],"author":[{"embeddable":true,"href":"https:\/\/e-bike-tours.ch\/fr\/wp-json\/wp\/v2\/users\/1"}],"replies":[{"embeddable":true,"href":"https:\/\/e-bike-tours.ch\/fr\/wp-json\/wp\/v2\/comments?post=94253"}],"version-history":[{"count":9,"href":"https:\/\/e-bike-tours.ch\/fr\/wp-json\/wp\/v2\/pages\/94253\/revisions"}],"predecessor-version":[{"id":134901,"href":"https:\/\/e-bike-tours.ch\/fr\/wp-json\/wp\/v2\/pages\/94253\/revisions\/134901"}],"up":[{"embeddable":true,"href":"https:\/\/e-bike-tours.ch\/fr\/wp-json\/wp\/v2\/pages\/94011"}],"wp:attachment":[{"href":"https:\/\/e-bike-tours.ch\/fr\/wp-json\/wp\/v2\/media?parent=94253"}],"curies":[{"name":"wp","href":"https:\/\/api.w.org\/{rel}","templated":true}]}}