{"id":94110,"date":"2019-03-14T14:39:51","date_gmt":"2019-03-14T14:39:51","guid":{"rendered":"https:\/\/car-tours.dev4.webkoenig.ch\/sur-nous\/team\/"},"modified":"2025-03-24T15:46:59","modified_gmt":"2025-03-24T14:46:59","slug":"a-propos-de-bike-tours","status":"publish","type":"page","link":"https:\/\/e-bike-tours.ch\/fr\/sur-nous\/a-propos-de-bike-tours\/","title":{"rendered":"\u00c0 propos d\u2019e-Bike-tours"},"content":{"rendered":"<div class=\"wpb-content-wrapper\">[vc_section css=\u00a0\u00bb.vc_custom_1742827576220{background-position: center !important;background-repeat: no-repeat !important;background-size: cover !important;}\u00a0\u00bb][vc_row full_width=\u00a0\u00bbstretch_row_content_no_spaces\u00a0\u00bb css=\u00a0\u00bb.vc_custom_1742827587878{background-image: url(https:\/\/e-bike-tours.ch\/wp-content\/uploads\/2025\/03\/Header-Group.jpg?id=134890) !important;background-position: center !important;background-repeat: no-repeat !important;background-size: cover !important;}\u00a0\u00bb el_class=\u00a0\u00bbwk-header\u00a0\u00bb][vc_column][\/vc_column][\/vc_row][\/vc_section][vc_section el_class=\u00a0\u00bbwk-section\u00a0\u00bb][vc_row][vc_column][vc_column_text]\n<h1>Circuits en e-bike: la meilleure fa\u00e7on d\u2019allier d\u00e9tente et activit\u00e9 physique!<\/h1>\n[\/vc_column_text][\/vc_column][\/vc_row][vc_row el_class=\u00a0\u00bbwk-row\u00a0\u00bb][vc_column][vc_column_text]Chers et ch\u00e8res adeptes des voyages et de l\u2019e-bike,<\/p>\n<p>Voyager en e-bike, ce n\u2019est pas seulement rouler \u00e0 l\u2019\u00e9lectrique, c\u2019est aussi \u00aballer dans le sens du vent\u00bb! En mati\u00e8re de mobilit\u00e9, l\u2019e-bike est la m\u00e9gatendance de ces derni\u00e8res ann\u00e9es et aujourd\u2019hui un incontournable sur nos routes. \u00catre plus mobile avec moins d\u2019efforts, c\u2019est sain et \u00e9cologique!<\/p>\n<p>Les circuits de voyage en e-bike valorisent tout particuli\u00e8rement les atouts du v\u00e9lo \u00e9lectrique. Une longue \u00e9tape ou une mont\u00e9e? Pas de probl\u00e8me gr\u00e2ce \u00e0 l\u2019assistance du moteur \u00e9lectrique. Du vent de face? Avec l\u2019e-bike, vous appr\u00e9ciez le vent de face sans trop d\u2019efforts. Une ambiance de \u00abcourse \u00e0 la performance\u00bb au sein du groupe? Pas de probl\u00e8me!<\/p>\n<p>Faire du v\u00e9lo n\u2019a jamais \u00e9t\u00e9 procur\u00e9 autant de plaisir! Tout est plus facile, plus d\u00e9contract\u00e9. Vous avez tout le temps de contempler le paysage et de vivre \u00e0 fond votre exp\u00e9rience de voyage! C\u2019est fort de ce constat que nous avons lanc\u00e9 e-Bike-tours.ch, le premier organisateur de voyages suisse exclusivement d\u00e9di\u00e9 \u00e0 l\u2019e-bike.<\/p>\n<p>Chez nous, vous \u00eates entre de bonnes mains! Nous sommes des professionnels du voyage exp\u00e9riment\u00e9s et comp\u00e9tents! Derri\u00e8re e-Bike-tours.ch se cache G\u00f6ssi Carreisen, la plus grande entreprise de transport en autocar de Suisse centrale, car-tours.ch, l\u2019un des principaux organisateurs de voyages de groupes de Suisse, ainsi que le Touring Club Suisse (TCS). Toutes les id\u00e9es de circuits ont \u00e9t\u00e9 soigneusement \u00e9tudi\u00e9es avec les meilleurs professionnels du cyclotourisme en Europe!<\/p>\n<p>D\u00e9couvrez la plus belle fa\u00e7on d\u2019allier d\u00e9tente et activit\u00e9 physique!<\/p>\n<p>Cordiales salutations,<br \/>\nVotre \u00e9quipe Bike-tours.ch[\/vc_column_text][\/vc_column][\/vc_row][\/vc_section][vc_section el_class=\u00a0\u00bbwk-section\u00a0\u00bb][vc_row][vc_column width=\u00a0\u00bb2\/3&Prime;]<figure class=\"vcex-image vcex-module\"><div class=\"vcex-image-inner wpex-relative wpex-inline-block\"><img width=\"900\" height=\"530\" src=\"https:\/\/e-bike-tours.ch\/wp-content\/uploads\/2020\/12\/Die-Macher-von-e-Bike-tours.ch_.jpg\" class=\"vcex-image-img wpex-align-middle\" alt=\"Gr\u00fcnder von e-Bike-tours und G\u00fcssi Car\" loading=\"lazy\" decoding=\"async\" srcset=\"https:\/\/e-bike-tours.ch\/wp-content\/uploads\/2020\/12\/Die-Macher-von-e-Bike-tours.ch_.jpg 900w, https:\/\/e-bike-tours.ch\/wp-content\/uploads\/2020\/12\/Die-Macher-von-e-Bike-tours.ch_-300x177.jpg 300w, https:\/\/e-bike-tours.ch\/wp-content\/uploads\/2020\/12\/Die-Macher-von-e-Bike-tours.ch_-768x452.jpg 768w\" sizes=\"auto, (max-width: 900px) 100vw, 900px\" \/><\/div><\/figure>[\/vc_column][vc_column width=\u00a0\u00bb1\/3&Prime;][vc_empty_space][vc_column_text css=\u00a0\u00bb\u00a0\u00bb]Les cr\u00e9ateurs d\u2019e-Bike-tours.ch: de g. \u00e0 dr.<br \/>\nVerena B\u00fccheler (Vente et Op\u00e9rations)<br \/>\nPatrick Gil (Marketing et Distribution)<br \/>\nUrs Tanner (Marketing et Distribution)<br \/>\nFlorian St\u00f6ckl (Achats et Planification)<br \/>\nKarin G\u00f6ssi (administration)<br \/>\nMarco G\u00f6ssi (directeur)<\/p>\n<p><a href=\"https:\/\/e-bike-tours.ch\/fr\/sur-nous\/partenaire-de-bus\/\">D\u00e9couvrez nos avantages ici<\/a>[\/vc_column_text][vc_empty_space][\/vc_column][\/vc_row][\/vc_section]\n<\/div>","protected":false},"excerpt":{"rendered":"<p>[vc_section css=\u00a0\u00bb.vc_custom_1742827576220{background-position: center !important;background-repeat: no-repeat !important;background-size: cover !important;}\u00a0\u00bb][vc_row full_width=\u00a0\u00bbstretch_row_content_no_spaces\u00a0\u00bb css=\u00a0\u00bb.vc_custom_1742827587878{background-image: url(https:\/\/e-bike-tours.ch\/wp-content\/uploads\/2025\/03\/Header-Group.jpg?id=134890) !important;background-position: center !important;background-repeat: no-repeat !important;background-size: cover !important;}\u00a0\u00bb el_class=\u00a0\u00bbwk-header\u00a0\u00bb][vc_column][\/vc_column][\/vc_row][\/vc_section][vc_section el_class=\u00a0\u00bbwk-section\u00a0\u00bb][vc_row][vc_column][vc_column_text] Circuits en e-bike: la meilleure fa\u00e7on d\u2019allier d\u00e9tente et activit\u00e9 physique! [\/vc_column_text][\/vc_column][\/vc_row][vc_row el_class=\u00a0\u00bbwk-row\u00a0\u00bb][vc_column][vc_column_text]Chers et ch\u00e8res adeptes des voyages et de l\u2019e-bike, Voyager en e-bike, ce n\u2019est pas seulement rouler \u00e0 l\u2019\u00e9lectrique, c\u2019est aussi \u00aballer dans&hellip;<\/p>\n","protected":false},"author":2,"featured_media":0,"parent":94011,"menu_order":0,"comment_status":"closed","ping_status":"closed","template":"","meta":{"_acf_changed":false,"footnotes":""},"class_list":["post-94110","page","type-page","status-publish","hentry","entry","no-media"],"acf":[],"_links":{"self":[{"href":"https:\/\/e-bike-tours.ch\/fr\/wp-json\/wp\/v2\/pages\/94110","targetHints":{"allow":["GET"]}}],"collection":[{"href":"https:\/\/e-bike-tours.ch\/fr\/wp-json\/wp\/v2\/pages"}],"about":[{"href":"https:\/\/e-bike-tours.ch\/fr\/wp-json\/wp\/v2\/types\/page"}],"author":[{"embeddable":true,"href":"https:\/\/e-bike-tours.ch\/fr\/wp-json\/wp\/v2\/users\/2"}],"replies":[{"embeddable":true,"href":"https:\/\/e-bike-tours.ch\/fr\/wp-json\/wp\/v2\/comments?post=94110"}],"version-history":[{"count":18,"href":"https:\/\/e-bike-tours.ch\/fr\/wp-json\/wp\/v2\/pages\/94110\/revisions"}],"predecessor-version":[{"id":134897,"href":"https:\/\/e-bike-tours.ch\/fr\/wp-json\/wp\/v2\/pages\/94110\/revisions\/134897"}],"up":[{"embeddable":true,"href":"https:\/\/e-bike-tours.ch\/fr\/wp-json\/wp\/v2\/pages\/94011"}],"wp:attachment":[{"href":"https:\/\/e-bike-tours.ch\/fr\/wp-json\/wp\/v2\/media?parent=94110"}],"curies":[{"name":"wp","href":"https:\/\/api.w.org\/{rel}","templated":true}]}}