{"id":93972,"date":"2019-11-07T15:51:54","date_gmt":"2019-11-07T14:51:54","guid":{"rendered":"https:\/\/car-tours.dev4.webkoenig.ch\/sur-nos-voyages\/einsteigeorte\/"},"modified":"2024-11-25T17:07:13","modified_gmt":"2024-11-25T16:07:13","slug":"lieux-de-depart","status":"publish","type":"page","link":"https:\/\/e-bike-tours.ch\/fr\/sur-nos-voyages\/lieux-de-depart\/","title":{"rendered":"Lieux de d\u00e9part"},"content":{"rendered":"<div class=\"wpb-content-wrapper\">[vc_section][vc_row full_width=\u00a0\u00bbstretch_row_content_no_spaces\u00a0\u00bb css=\u00a0\u00bb.vc_custom_1607356543496{background-image: url(https:\/\/ebiketours.rokka.io\/ebiketours-full\/102cc4b044284a468d62ed3cebdef48d0547ebbe\/carterminal-2000&#215;400.jpg?id=117431) !important;background-position: center !important;background-repeat: no-repeat !important;background-size: cover !important;}\u00a0\u00bb el_class=\u00a0\u00bbwk-header\u00a0\u00bb][vc_column][\/vc_column][\/vc_row][\/vc_section][vc_section el_class=\u00a0\u00bbwk-section\u00a0\u00bb][vc_row][vc_column][vc_column_text]\n<h1>Lieux de d\u00e9part<\/h1>\n[\/vc_column_text][\/vc_column][\/vc_row][vc_row el_class=\u00a0\u00bbwk-row\u00a0\u00bb][vc_column width=\u00a0\u00bb5\/6&Prime;][vc_column_text]\n<h3>Lieux de d\u00e9part centraux avec possibilit\u00e9s de parking:<\/h3>\n<p>Votre voyage d\u00e9bute et s\u2019ach\u00e8ve dans l\u2019un des trois lieux de d\u00e9part suivants, \u00e0 choix, o\u00f9 vous pourrez \u00e9galement parquer votre voiture \u00e0 un tarif avantageux:<\/p>\n<p>\u2022 <a href=\"https:\/\/maps.app.goo.gl\/dwC3Hc1L1T78w7tm6\" target=\"_blank\" rel=\"noopener\">Tavel (D\u00e9part \u2013 terminal des cars Horner Voyages)<\/a><\/p>\n<p>\u2022 <a href=\"https:\/\/maps.app.goo.gl\/2z1PENAZAVfdP7kx5\" target=\"_blank\" rel=\"noopener\">Cossonay (TCS, Section Vaudoise)<\/a><\/p>\n<p>\u2022 <a href=\"https:\/\/maps.app.goo.gl\/Pg9LWniZfwWWMvPr6\" target=\"_blank\" rel=\"noopener\">Vernier (TCS, si\u00e8ges principal)<\/a>[\/vc_column_text]<div class=\"vcex-spacing wpex-w-100 wpex-clear\" style=\"height:60px;\"><\/div>[vc_column_text css=\u00a0\u00bb\u00a0\u00bb]\n<h3>D\u00e9p\u00f4t et retrait des e-bikes<\/h3>\n<p>Pour un voyage encore plus d\u00e9tendu, vous avez la possibilit\u00e9 de d\u00e9poser votre v\u00e9lo \u00e9lectrique au terminal des cars Horner Voyages \u00e0 Tavel jusqu\u2019\u00e0 3 jours avant le d\u00e9part, et de le r\u00e9cup\u00e9rer jusqu\u2019\u00e0 3 jours apr\u00e8s votre retour. Ce service est gratuit, mais n\u00e9cessite une r\u00e9servation pr\u00e9alable au num\u00e9ro de t\u00e9l\u00e9phone suivant: 026 494 56 56[\/vc_column_text][\/vc_column][\/vc_row][vc_row el_class=\u00a0\u00bbwk-row\u00a0\u00bb css=\u00a0\u00bb.vc_custom_1574066315668{margin-top: 0px !important;}\u00a0\u00bb][vc_column]<div class=\"vcex-spacing wpex-w-100 wpex-clear\"><\/div>[vc_column_text]<div class=\"wpgmp_map_container wpgmp-map-provider-google wpgmp-map-4\" rel=\"map4\" data-plugin-version=\"6.1.0\"><div class=\"wpgmp_map_parent\"><div class=\"wpgmp_map \" style=\"width:100%; height:500px;\" id=\"map4\" data-map-id=\"4\"><\/div><\/div><\/div><style> .wpgmp-map-4  .wpgmp_infowindow .fc-item-title{background-image:none;font-family:-apple-system, BlinkMacSystemFont, \"Segoe UI\", Roboto, Oxygen-Sans, Ubuntu, Cantarell, \"Helvetica Neue\", sans-serif;font-weight:700;font-size:16px;color:rgba(0, 0, 0, 0.87);line-height:21.4286px;background-color:rgba(0, 0, 0, 0);font-style:normal;text-align:start;text-decoration:none solid rgba(0, 0, 0, 0.87);margin-top:0px;margin-bottom:5px;margin-left:0px;margin-right:0px;padding-top:0px;padding-bottom:0px;padding-left:0px;padding-right:0px;} .wpgmp-map-4 .wpgmp_locations{background-image:none;font-family:-apple-system, BlinkMacSystemFont, \"Segoe UI\", Roboto, Oxygen-Sans, Ubuntu, Cantarell, \"Helvetica Neue\", sans-serif;font-weight:400;font-size:15px;color:rgba(0, 0, 0, 0.87);line-height:21.4286px;background-color:rgba(0, 0, 0, 0);font-style:normal;text-align:start;text-decoration:none solid rgba(0, 0, 0, 0.87);margin-top:0px;margin-bottom:0px;margin-left:0px;margin-right:0px;padding-top:0px;padding-bottom:0px;padding-left:0px;padding-right:0px;} .wpgmp-map-4 .wpgmp_locations_head{background-image:none;font-family:-apple-system, BlinkMacSystemFont, \"Segoe UI\", Roboto, Oxygen-Sans, Ubuntu, Cantarell, \"Helvetica Neue\", sans-serif;font-weight:400;font-size:15px;color:rgba(0, 0, 0, 0.87);line-height:21.4286px;background-color:rgba(0, 0, 0, 0);font-style:normal;text-align:start;text-decoration:none solid rgba(0, 0, 0, 0.87);margin-top:0px;margin-bottom:0px;margin-left:0px;margin-right:0px;padding-top:0px;padding-bottom:0px;padding-left:0px;padding-right:0px;} .wpgmp-map-4 .place_title{background-image:none;font-family:-apple-system, BlinkMacSystemFont, \"Segoe UI\", Roboto, Oxygen-Sans, Ubuntu, Cantarell, \"Helvetica Neue\", sans-serif;font-weight:400;font-size:15px;color:rgb(0, 115, 170);line-height:21.4286px;background-color:rgba(0, 0, 0, 0);font-style:normal;text-align:start;text-decoration:underline solid rgb(0, 115, 170);margin-top:0px;margin-bottom:0px;margin-left:0px;margin-right:0px;padding-top:0px;padding-bottom:0px;padding-left:0px;padding-right:0px;} .wpgmp-map-4 .wpgmp_location_meta{background-image:none;font-family:-apple-system, BlinkMacSystemFont, \"Segoe UI\", Roboto, Oxygen-Sans, Ubuntu, Cantarell, \"Helvetica Neue\", sans-serif;font-weight:400;font-size:15px;color:rgba(0, 0, 0, 0.87);line-height:21.4286px;background-color:rgba(0, 0, 0, 0);font-style:normal;text-align:start;text-decoration:none solid rgba(0, 0, 0, 0.87);margin-top:0px;margin-bottom:0px;margin-left:0px;margin-right:0px;padding-top:0px;padding-bottom:0px;padding-left:0px;padding-right:0px;} .wpgmp-map-4 .wpgmp_locations_content{background-image:none;font-family:-apple-system, BlinkMacSystemFont, \"Segoe UI\", Roboto, Oxygen-Sans, Ubuntu, Cantarell, \"Helvetica Neue\", sans-serif;font-weight:400;font-size:15px;color:rgba(0, 0, 0, 0.87);line-height:21.4286px;background-color:rgba(0, 0, 0, 0);font-style:normal;text-align:start;text-decoration:none solid rgba(0, 0, 0, 0.87);margin-top:0px;margin-bottom:0px;margin-left:0px;margin-right:0px;padding-top:0px;padding-bottom:0px;padding-left:0px;padding-right:0px;}<\/style><script>jQuery(document).ready(function($){ window.wpgmp = window.wpgmp || {}; window.wpgmp.mapdata4 = \"eyJhdXRvc29ydCI6dHJ1ZSwibWFwX29wdGlvbnMiOnsiY2VudGVyX2xhdCI6IjQ2LjgyMjI4MzgiLCJjZW50ZXJfbG5nIjoiNy4yMDg3MDY4Iiwiem9vbSI6OSwibWFwX3R5cGVfaWQiOiJST0FETUFQIiwiY2VudGVyX2J5X25lYXJlc3QiOmZhbHNlLCJmaXRfYm91bmRzIjp0cnVlLCJjZW50ZXJfY2lyY2xlX2ZpbGxjb2xvciI6IiM4Q0FFRjIiLCJjZW50ZXJfY2lyY2xlX2ZpbGxvcGFjaXR5IjoiLjUiLCJjZW50ZXJfY2lyY2xlX3N0cm9rZWNvbG9yIjoiIzhDQUVGMiIsImNlbnRlcl9jaXJjbGVfc3Ryb2tlb3BhY2l0eSI6Ii41IiwiY2VudGVyX2NpcmNsZV9yYWRpdXMiOiI1Iiwic2hvd19jZW50ZXJfY2lyY2xlIjpmYWxzZSwic2hvd19jZW50ZXJfbWFya2VyIjpmYWxzZSwiY2VudGVyX21hcmtlcl9pY29uIjoiaHR0cDpcL1wvY2FyLXRvdXJzLmRldjIud2Via29lbmlnLmNoXC93cC1jb250ZW50XC9wbHVnaW5zXC93cC1nb29nbGUtbWFwLWdvbGRcL2Fzc2V0c1wvaW1hZ2VzXC9cL2RlZmF1bHRfbWFya2VyLnBuZyIsImNlbnRlcl9jaXJjbGVfc3Ryb2tld2VpZ2h0IjoiMSIsImRyYWdnYWJsZSI6dHJ1ZSwic2Nyb2xsX3doZWVsIjoiZmFsc2UiLCJnZXN0dXJlIjoiYXV0byIsIm1hcmtlcl9kZWZhdWx0X2ljb24iOiJodHRwOlwvXC9jYXItdG91cnMuZGV2Mi53ZWJrb2VuaWcuY2hcL3dwLWNvbnRlbnRcL3BsdWdpbnNcL3dwLWdvb2dsZS1tYXAtZ29sZFwvYXNzZXRzXC9pbWFnZXNcL1wvZGVmYXVsdF9tYXJrZXIucG5nIiwiaW5mb3dpbmRvd19zZXR0aW5nIjoiPGRpdiBjbGFzcz1cImZjLW1haW5cIj48ZGl2IGNsYXNzPVwiZmMtaXRlbS10aXRsZVwiPnttYXJrZXJfdGl0bGV9IDxzcGFuIGNsYXNzPVwiZmMtYmFkZ2UgaW5mb1wiPnttYXJrZXJfY2F0ZWdvcnl9PFwvc3Bhbj48XC9kaXY+IDxkaXYgY2xhc3M9XCJmYy1pdGVtLWZlYXR1cmVkX2ltYWdlXCI+e21hcmtlcl9pbWFnZX0gPFwvZGl2PnttYXJrZXJfbWVzc2FnZX08YWRkcmVzcz48Yj5BZGRyZXNzIDogPFwvYj57bWFya2VyX2FkZHJlc3N9PFwvYWRkcmVzcz48XC9kaXY+IiwiaW5mb3dpbmRvd19nZW90YWdzX3NldHRpbmciOiI8ZGl2IGNsYXNzPVwicG9zdF9ib2R5XCI+XHJcbjxkaXYgY2xhc3M9XCJnZW90YWdzX2xpbmtcIj48YSAgdGFyZ2V0PVwiX2JsYW5rXCIgaHJlZj1cIntwb3N0X2xpbmt9XCI+e3Bvc3RfdGl0bGV9PFwvYT48XC9kaXY+XHJcbjxhICB0YXJnZXQ9XCJfYmxhbmtcIiBocmVmPVwie3Bvc3RfbGlua31cIj57cG9zdF9mZWF0dXJlZF9pbWFnZX08XC9hPlxyXG57cG9zdF9leGNlcnB0fVxyXG48ZGl2IGNsYXNzPVwid3BnbXBfbWV0YV9kYXRhXCI+e3Bvc3RfY2F0ZWdvcmllc308XC9kaXY+XHJcbjxkaXYgIGNsYXNzPVwid3BnbXBfbWV0YV9kYXRhXCI+e3Bvc3RfdGFnc308XC9kaXY+XHJcbjxcL2Rpdj4iLCJpbmZvd2luZG93X3NraW4iOnsibmFtZSI6ImRlZmF1bHQiLCJ0eXBlIjoiaW5mb3dpbmRvdyIsInNvdXJjZWNvZGUiOiI8ZGl2IGNsYXNzPVwiZmMtbWFpblwiPjxkaXYgY2xhc3M9XCJmYy1pdGVtLXRpdGxlXCI+e21hcmtlcl90aXRsZX0gPHNwYW4gY2xhc3M9XCJmYy1iYWRnZSBpbmZvXCI+e21hcmtlcl9jYXRlZ29yeX08XC9zcGFuPjxcL2Rpdj4gPGRpdiBjbGFzcz1cImZjLWl0ZW0tZmVhdHVyZWRfaW1hZ2VcIj57bWFya2VyX2ltYWdlfSA8XC9kaXY+e21hcmtlcl9tZXNzYWdlfTxhZGRyZXNzPjxiPkFkZHJlc3MgOiA8XC9iPnttYXJrZXJfYWRkcmVzc308XC9hZGRyZXNzPjxcL2Rpdj4ifSwiaW5mb3dpbmRvd19wb3N0X3NraW4iOnsibmFtZSI6ImRlZmF1bHQiLCJ0eXBlIjoicG9zdCIsInNvdXJjZWNvZGUiOiI8ZGl2IGNsYXNzPVwicG9zdF9ib2R5XCI+XHJcbjxkaXYgY2xhc3M9XCJnZW90YWdzX2xpbmtcIj48YSAgdGFyZ2V0PVwiX2JsYW5rXCIgaHJlZj1cIntwb3N0X2xpbmt9XCI+e3Bvc3RfdGl0bGV9PFwvYT48XC9kaXY+XHJcbjxhICB0YXJnZXQ9XCJfYmxhbmtcIiBocmVmPVwie3Bvc3RfbGlua31cIj57cG9zdF9mZWF0dXJlZF9pbWFnZX08XC9hPlxyXG57cG9zdF9leGNlcnB0fVxyXG48ZGl2IGNsYXNzPVwid3BnbXBfbWV0YV9kYXRhXCI+e3Bvc3RfY2F0ZWdvcmllc308XC9kaXY+XHJcbjxkaXYgIGNsYXNzPVwid3BnbXBfbWV0YV9kYXRhXCI+e3Bvc3RfdGFnc308XC9kaXY+XHJcbjxcL2Rpdj4ifSwiaW5mb3dpbmRvd19kcm9wX2FuaW1hdGlvbiI6ZmFsc2UsImNsb3NlX2luZm93aW5kb3dfb25fbWFwX2NsaWNrIjpmYWxzZSwiZGVmYXVsdF9pbmZvd2luZG93X29wZW4iOmZhbHNlLCJpbmZvd2luZG93X29wZW5fZXZlbnQiOiJtb3VzZW92ZXIiLCJsaXN0aW5nX2luZm93aW5kb3dfb3Blbl9ldmVudCI6ImNsaWNrIiwiaXNfbW9iaWxlIjpmYWxzZSwiaW5mb3dpbmRvd19maWx0ZXJfb25seSI6ZmFsc2UsImluZm93aW5kb3dfY2xpY2tfY2hhbmdlX3pvb20iOjAsImluZm93aW5kb3dfY2xpY2tfY2hhbmdlX2NlbnRlciI6ZmFsc2UsImZ1bGxfc2NyZWVuX2NvbnRyb2wiOnRydWUsImNhbWVyYV9jb250cm9sIjpmYWxzZSwic2VhcmNoX2NvbnRyb2wiOnRydWUsInpvb21fY29udHJvbCI6dHJ1ZSwibWFwX3R5cGVfY29udHJvbCI6ZmFsc2UsInN0cmVldF92aWV3X2NvbnRyb2wiOmZhbHNlLCJsb2NhdGVtZV9jb250cm9sIjpmYWxzZSwibW9iaWxlX3NwZWNpZmljIjpmYWxzZSwiem9vbV9tb2JpbGUiOjUsImRyYWdnYWJsZV9tb2JpbGUiOnRydWUsInNjcm9sbF93aGVlbF9tb2JpbGUiOnRydWUsImZ1bGxfc2NyZWVuX2NvbnRyb2xfcG9zaXRpb24iOiJUT1BfUklHSFQiLCJzZWFyY2hfY29udHJvbF9wb3NpdGlvbiI6IlRPUF9MRUZUIiwibG9jYXRlbWVfY29udHJvbF9wb3NpdGlvbiI6IlRPUF9MRUZUIiwiem9vbV9jb250cm9sX3Bvc2l0aW9uIjoiVE9QX0xFRlQiLCJtYXBfdHlwZV9jb250cm9sX3Bvc2l0aW9uIjoiVE9QX1JJR0hUIiwibWFwX3R5cGVfY29udHJvbF9zdHlsZSI6IkhPUklaT05UQUxfQkFSIiwic3RyZWV0X3ZpZXdfY29udHJvbF9wb3NpdGlvbiI6IlRPUF9MRUZUIiwibWFwX2NvbnRyb2wiOmZhbHNlLCJzY3JlZW5zIjp7InNtYXJ0cGhvbmVzIjp7Im1hcF96b29tX2xldmVsX21vYmlsZSI6IjUifSwiaXBhZHMiOnsibWFwX3pvb21fbGV2ZWxfbW9iaWxlIjoiNSJ9LCJsYXJnZS1zY3JlZW5zIjp7Im1hcF96b29tX2xldmVsX21vYmlsZSI6IjUifX0sIm1hcF9pbmZvd2luZG93X2N1c3RvbWlzYXRpb25zIjpmYWxzZSwiaW5mb3dpbmRvd193aWR0aCI6IjEwMCUiLCJzaG93X2luZm93aW5kb3dfaGVhZGVyIjpmYWxzZSwibWluX3pvb20iOiIwIiwibWF4X3pvb20iOiIxOSIsInpvb21fbGV2ZWxfYWZ0ZXJfc2VhcmNoIjoiMTAiLCJ1cmxfZmlsdGVycyI6ZmFsc2UsImRvdWJsZWNsaWNrem9vbSI6ZmFsc2UsImN1cnJlbnRfcG9zdF9vbmx5IjpmYWxzZSwiYWR2YW5jZV90ZW1wbGF0ZSI6ZmFsc2UsIm1hcF90aWxlX3VybCI6Imh0dHBzOlwvXC97c30udGlsZS5vcGVuc3RyZWV0bWFwLm9yZ1wve3p9XC97eH1cL3t5fS5wbmciLCJvcGVuc3RyZWV0X3N0eWxlcyI6eyJPcGVuU3RyZWV0TWFwLk1hcG5payI6Imh0dHBzOlwvXC97c30udGlsZS5vcGVuc3RyZWV0bWFwLm9yZ1wve3p9XC97eH1cL3t5fS5wbmciLCJPcGVuU3RyZWV0TWFwLkRFIjoiaHR0cHM6XC9cL3tzfS50aWxlLm9wZW5zdHJlZXRtYXAuZGVcL3RpbGVzXC9vc21kZVwve3p9XC97eH1cL3t5fS5wbmciLCJPcGVuU3RyZWV0TWFwLkNIIjoiaHR0cHM6XC9cL3RpbGUub3NtLmNoXC9zd2l0emVybGFuZFwve3p9XC97eH1cL3t5fS5wbmciLCJPcGVuU3RyZWV0TWFwLkZyYW5jZSI6Imh0dHBzOlwvXC97c30udGlsZS5vcGVuc3RyZWV0bWFwLmZyXC9vc21mclwve3p9XC97eH1cL3t5fS5wbmciLCJPcGVuU3RyZWV0TWFwLkhPVCI6Imh0dHBzOlwvXC97c30udGlsZS5vcGVuc3RyZWV0bWFwLmZyXC9ob3RcL3t6fVwve3h9XC97eX0ucG5nIiwiT3BlblN0cmVldE1hcC5CWkgiOiJodHRwczpcL1wvdGlsZS5vcGVuc3RyZWV0bWFwLmJ6aFwvYnJcL3t6fVwve3h9XC97eX0ucG5nIiwiT3BlblRvcG9NYXAiOiJodHRwczpcL1wve3N9LnRpbGUub3BlbnRvcG9tYXAub3JnXC97en1cL3t4fVwve3l9LnBuZyIsIlRodW5kZXJmb3Jlc3QuT3BlbkN5Y2xlTWFwIjoiaHR0cHM6XC9cL2Rldi57c30udGlsZS5vcGVuc3RyZWV0bWFwLmZyXC9jeWNsb3NtXC97en1cL3t4fVwve3l9LnBuZyIsIk9wZW5NYXBTdXJmZXIuUm9hZHMiOiJodHRwczpcL1wvbWFwcy5oZWlnaXQub3JnXC9vcGVubWFwc3VyZmVyXC90aWxlc1wvcm9hZHNcL3dlYm1lcmNhdG9yXC97en1cL3t4fVwve3l9LnBuZyJ9LCJvcGVuc3RyZWV0X3N0eWxlc19tYXJrdXAiOiI8c2VsZWN0IGNsYXNzPVwid3BvbXBfbWFwX3R5cGVcIj48b3B0aW9uIHZhbHVlPVwiT3BlblN0cmVldE1hcC5NYXBuaWtcIj5PcGVuU3RyZWV0TWFwLk1hcG5pazxcL29wdGlvbj48b3B0aW9uIHZhbHVlPVwiT3BlblN0cmVldE1hcC5ERVwiPk9wZW5TdHJlZXRNYXAuREU8XC9vcHRpb24+PG9wdGlvbiB2YWx1ZT1cIk9wZW5TdHJlZXRNYXAuQ0hcIj5PcGVuU3RyZWV0TWFwLkNIPFwvb3B0aW9uPjxvcHRpb24gdmFsdWU9XCJPcGVuU3RyZWV0TWFwLkZyYW5jZVwiPk9wZW5TdHJlZXRNYXAuRnJhbmNlPFwvb3B0aW9uPjxvcHRpb24gdmFsdWU9XCJPcGVuU3RyZWV0TWFwLkhPVFwiPk9wZW5TdHJlZXRNYXAuSE9UPFwvb3B0aW9uPjxvcHRpb24gdmFsdWU9XCJPcGVuU3RyZWV0TWFwLkJaSFwiPk9wZW5TdHJlZXRNYXAuQlpIPFwvb3B0aW9uPjxvcHRpb24gdmFsdWU9XCJPcGVuVG9wb01hcFwiPk9wZW5Ub3BvTWFwPFwvb3B0aW9uPjxvcHRpb24gdmFsdWU9XCJUaHVuZGVyZm9yZXN0Lk9wZW5DeWNsZU1hcFwiPlRodW5kZXJmb3Jlc3QuT3BlbkN5Y2xlTWFwPFwvb3B0aW9uPjxvcHRpb24gdmFsdWU9XCJPcGVuTWFwU3VyZmVyLlJvYWRzXCI+T3Blbk1hcFN1cmZlci5Sb2FkczxcL29wdGlvbj48XC9zZWxlY3Q+IiwibWFwX2JveF9zdHlsZXNfbWFya3VwIjoiPHNlbGVjdCBjbGFzcz1cIndwb21wX21hcGJveF90eXBlXCI+PG9wdGlvbiB2YWx1ZT1cInN0cmVldHMtdjExXCI+U3RyZWV0czxcL29wdGlvbj48b3B0aW9uIHZhbHVlPVwibGlnaHQtdjEwXCI+TGlnaHQ8XC9vcHRpb24+PG9wdGlvbiB2YWx1ZT1cImRhcmstdjEwXCI+RGFyazxcL29wdGlvbj48b3B0aW9uIHZhbHVlPVwib3V0ZG9vcnMtdjExXCI+T3V0ZG9vcnM8XC9vcHRpb24+PG9wdGlvbiB2YWx1ZT1cInNhdGVsbGl0ZS12OVwiPlNhdGVsbGl0ZTxcL29wdGlvbj48XC9zZWxlY3Q+IiwiYm91bmRfbWFwX2FmdGVyX2ZpbHRlciI6ZmFsc2UsImRpc3BsYXlfcmVzZXRfYnV0dG9uIjpmYWxzZSwibWFwX3Jlc2V0X2J1dHRvbl90ZXh0IjoiUmVzZXQiLCJ3aWR0aCI6IjEwMCUiLCJoZWlnaHQiOiI1MDAiLCJ0aWxlc19wcm92aWRlciI6Im9wZW5zdHJlZXQifSwicGxhY2VzIjpbeyJpZCI6IjMwIiwidGl0bGUiOiJUYXZlbCAoRFx1MDBlOXBhcnQgXHUyMDEzIHRlcm1pbmFsIGRlcyBjYXJzIEhvcm5lciBWb3lhZ2VzKSIsImFkZHJlc3MiOiJNYXJpYWhpbGZzdHJhc3NlIDQ3LCAxNzEyIFRhZmVycywgU3dpdHplcmxhbmQiLCJzb3VyY2UiOiJtYW51YWwiLCJsb2NhdGlvbiI6eyJpY29uIjoiaHR0cHM6XC9cL2ViaWtldG91cnMucm9ra2EuaW9cL2ViaWtldG91cnMtZnVsbFwvMGZlZGY3OTAxNjI2MDVhNzUzZWY3ZTYxNGI1ZWE2MzdkNDQ4MjIxNlwvY2FyLXRvdXJzLXBpbi1mdWVyLWthcnRlLTEucG5nIiwibGF0IjoiNDYuODIyMjgzOCIsImxuZyI6IjcuMjA4NzA2OCIsImNpdHkiOiJUYWZlcnMiLCJzdGF0ZSI6IkZyZWlidXJnIiwiY291bnRyeSI6IlN3aXR6ZXJsYW5kIiwib25jbGlja19hY3Rpb24iOiJtYXJrZXIiLCJtYXJrZXJfaW1hZ2UiOiI8ZGl2IGNsYXNzPSdmYy1mZWF0dXJlLWltZyc+PGltZyBsb2FkaW5nPSdsYXp5JyBkZWNvZGluZz0nYXN5bmMnIGFsdD0nVGF2ZWwgKERcdTAwZTlwYXJ0IFx1MjAxMyB0ZXJtaW5hbCBkZXMgY2FycyBIb3JuZXIgVm95YWdlcyknIHNyYz0naHR0cHM6XC9cL2UtYmlrZS10b3Vycy5jaFwvd3AtY29udGVudFwvcGx1Z2luc1wvd3AtZ29vZ2xlLW1hcC1nb2xkXC9hc3NldHNcL2ltYWdlc1wvc2FtcGxlLmpwZycgY2xhc3M9J3dwZ21wX21hcmtlcl9pbWFnZSBmYy1pdGVtLWZlYXR1cmVkX2ltYWdlIGZjLWl0ZW0tbGFyZ2UnIFwvPjxcL2Rpdj4iLCJvcGVuX25ld190YWIiOiJ5ZXMiLCJwb3N0YWxfY29kZSI6IjE3MTIiLCJkcmFnZ2FibGUiOmZhbHNlLCJpbmZvd2luZG93X2RlZmF1bHRfb3BlbiI6ZmFsc2UsImluZm93aW5kb3dfZGlzYWJsZSI6dHJ1ZSwiem9vbSI6NSwiZXh0cmFfZmllbGRzIjp7Imxpc3RvcmRlciI6MH19LCJjYXRlZ29yaWVzIjpbeyJpZCI6IjIiLCJuYW1lIjoiTGlldXggZGUgZFx1MDBlOXBhcnQiLCJ0eXBlIjoiY2F0ZWdvcnkiLCJpY29uIjoiaHR0cHM6XC9cL2ViaWtldG91cnMucm9ra2EuaW9cL2ViaWtldG91cnMtZnVsbFwvMGZlZGY3OTAxNjI2MDVhNzUzZWY3ZTYxNGI1ZWE2MzdkNDQ4MjIxNlwvY2FyLXRvdXJzLXBpbi1mdWVyLWthcnRlLTEucG5nIn1dfSx7ImlkIjoiMzEiLCJ0aXRsZSI6IkNvc3NvbmF5IChUQ1MsIFNlY3Rpb24gVmF1ZG9pc2UpIiwiYWRkcmVzcyI6IlJ0ZSBkZSBEaXp5IDQsIDEzMDQgQ29zc29uYXksIFN3aXR6ZXJsYW5kIiwic291cmNlIjoibWFudWFsIiwibG9jYXRpb24iOnsiaWNvbiI6Imh0dHBzOlwvXC9lYmlrZXRvdXJzLnJva2thLmlvXC9lYmlrZXRvdXJzLWZ1bGxcLzBmZWRmNzkwMTYyNjA1YTc1M2VmN2U2MTRiNWVhNjM3ZDQ0ODIyMTZcL2Nhci10b3Vycy1waW4tZnVlci1rYXJ0ZS0xLnBuZyIsImxhdCI6IjQ2LjYyMTkxMjEiLCJsbmciOiI2LjUwNzY2MzQiLCJjaXR5IjoiRGl6eSIsInN0YXRlIjoiVmF1ZCIsImNvdW50cnkiOiJTd2l0emVybGFuZCIsIm9uY2xpY2tfYWN0aW9uIjoibWFya2VyIiwibWFya2VyX2ltYWdlIjoiPGRpdiBjbGFzcz0nZmMtZmVhdHVyZS1pbWcnPjxpbWcgbG9hZGluZz0nbGF6eScgZGVjb2Rpbmc9J2FzeW5jJyBhbHQ9J0Nvc3NvbmF5IChUQ1MsIFNlY3Rpb24gVmF1ZG9pc2UpJyBzcmM9J2h0dHBzOlwvXC9lLWJpa2UtdG91cnMuY2hcL3dwLWNvbnRlbnRcL3BsdWdpbnNcL3dwLWdvb2dsZS1tYXAtZ29sZFwvYXNzZXRzXC9pbWFnZXNcL3NhbXBsZS5qcGcnIGNsYXNzPSd3cGdtcF9tYXJrZXJfaW1hZ2UgZmMtaXRlbS1mZWF0dXJlZF9pbWFnZSBmYy1pdGVtLWxhcmdlJyBcLz48XC9kaXY+Iiwib3Blbl9uZXdfdGFiIjoieWVzIiwicG9zdGFsX2NvZGUiOiIxMzA0IiwiZHJhZ2dhYmxlIjpmYWxzZSwiaW5mb3dpbmRvd19kZWZhdWx0X29wZW4iOmZhbHNlLCJpbmZvd2luZG93X2Rpc2FibGUiOnRydWUsInpvb20iOjUsImV4dHJhX2ZpZWxkcyI6eyJsaXN0b3JkZXIiOjB9fSwiY2F0ZWdvcmllcyI6W3siaWQiOiIyIiwibmFtZSI6IkxpZXV4IGRlIGRcdTAwZTlwYXJ0IiwidHlwZSI6ImNhdGVnb3J5IiwiaWNvbiI6Imh0dHBzOlwvXC9lYmlrZXRvdXJzLnJva2thLmlvXC9lYmlrZXRvdXJzLWZ1bGxcLzBmZWRmNzkwMTYyNjA1YTc1M2VmN2U2MTRiNWVhNjM3ZDQ0ODIyMTZcL2Nhci10b3Vycy1waW4tZnVlci1rYXJ0ZS0xLnBuZyJ9XX0seyJpZCI6IjMyIiwidGl0bGUiOiJWZXJuaWVyIChUQ1MsIHNpXHUwMGU4Z2VzIHByaW5jaXBhbCIsImFkZHJlc3MiOiJDaGVtLiBkZSBCbGFuZG9ubmV0IDQsIDEyMTQgVmVybmllciwgU3dpdHplcmxhbmQiLCJzb3VyY2UiOiJtYW51YWwiLCJsb2NhdGlvbiI6eyJpY29uIjoiaHR0cHM6XC9cL2ViaWtldG91cnMucm9ra2EuaW9cL2ViaWtldG91cnMtZnVsbFwvMGZlZGY3OTAxNjI2MDVhNzUzZWY3ZTYxNGI1ZWE2MzdkNDQ4MjIxNlwvY2FyLXRvdXJzLXBpbi1mdWVyLWthcnRlLTEucG5nIiwibGF0IjoiNDYuMjE5OTgxNDc2MjgxMTQiLCJsbmciOiI2LjA5ODk5ODM2OTUxOTc5NyIsImNpdHkiOiJWZXJuaWVyIiwic3RhdGUiOiJHZW5cdTAwZTh2ZSIsImNvdW50cnkiOiJTd2l0emVybGFuZCIsIm9uY2xpY2tfYWN0aW9uIjoibWFya2VyIiwibWFya2VyX2ltYWdlIjoiPGRpdiBjbGFzcz0nZmMtZmVhdHVyZS1pbWcnPjxpbWcgbG9hZGluZz0nbGF6eScgZGVjb2Rpbmc9J2FzeW5jJyBhbHQ9J1Zlcm5pZXIgKFRDUywgc2lcdTAwZThnZXMgcHJpbmNpcGFsJyBzcmM9J2h0dHBzOlwvXC9lLWJpa2UtdG91cnMuY2hcL3dwLWNvbnRlbnRcL3BsdWdpbnNcL3dwLWdvb2dsZS1tYXAtZ29sZFwvYXNzZXRzXC9pbWFnZXNcL3NhbXBsZS5qcGcnIGNsYXNzPSd3cGdtcF9tYXJrZXJfaW1hZ2UgZmMtaXRlbS1mZWF0dXJlZF9pbWFnZSBmYy1pdGVtLWxhcmdlJyBcLz48XC9kaXY+Iiwib3Blbl9uZXdfdGFiIjoieWVzIiwicG9zdGFsX2NvZGUiOiIxMjE0IiwiZHJhZ2dhYmxlIjpmYWxzZSwiaW5mb3dpbmRvd19kZWZhdWx0X29wZW4iOmZhbHNlLCJpbmZvd2luZG93X2Rpc2FibGUiOnRydWUsInpvb20iOjUsImV4dHJhX2ZpZWxkcyI6eyJsaXN0b3JkZXIiOjB9fSwiY2F0ZWdvcmllcyI6W3siaWQiOiIyIiwibmFtZSI6IkxpZXV4IGRlIGRcdTAwZTlwYXJ0IiwidHlwZSI6ImNhdGVnb3J5IiwiaWNvbiI6Imh0dHBzOlwvXC9lYmlrZXRvdXJzLnJva2thLmlvXC9lYmlrZXRvdXJzLWZ1bGxcLzBmZWRmNzkwMTYyNjA1YTc1M2VmN2U2MTRiNWVhNjM3ZDQ0ODIyMTZcL2Nhci10b3Vycy1waW4tZnVlci1rYXJ0ZS0xLnBuZyJ9XX1dLCJzdHlsZXMiOiJbe1wiZmVhdHVyZVR5cGVcIjpcImFkbWluaXN0cmF0aXZlXCIsXCJlbGVtZW50VHlwZVwiOlwibGFiZWxzLnRleHQuZmlsbFwiLFwic3R5bGVyc1wiOlt7XCJjb2xvclwiOlwiIzQ0NDQ0NFwifV19LHtcImZlYXR1cmVUeXBlXCI6XCJhZG1pbmlzdHJhdGl2ZS5jb3VudHJ5XCIsXCJlbGVtZW50VHlwZVwiOlwiYWxsXCIsXCJzdHlsZXJzXCI6W3tcInZpc2liaWxpdHlcIjpcIm9mZlwifV19LHtcImZlYXR1cmVUeXBlXCI6XCJhZG1pbmlzdHJhdGl2ZS5jb3VudHJ5XCIsXCJlbGVtZW50VHlwZVwiOlwiZ2VvbWV0cnlcIixcInN0eWxlcnNcIjpbe1widmlzaWJpbGl0eVwiOlwib25cIn1dfSx7XCJmZWF0dXJlVHlwZVwiOlwiYWRtaW5pc3RyYXRpdmUuY291bnRyeVwiLFwiZWxlbWVudFR5cGVcIjpcImdlb21ldHJ5LnN0cm9rZVwiLFwic3R5bGVyc1wiOlt7XCJ2aXNpYmlsaXR5XCI6XCJvblwifSx7XCJodWVcIjpcIiNmZjAwMDBcIn0se1wic2F0dXJhdGlvblwiOlwiNlwifSx7XCJnYW1tYVwiOlwiMS4wMVwifSx7XCJ3ZWlnaHRcIjpcIjIuNTFcIn1dfSx7XCJmZWF0dXJlVHlwZVwiOlwibGFuZHNjYXBlXCIsXCJlbGVtZW50VHlwZVwiOlwiYWxsXCIsXCJzdHlsZXJzXCI6W3tcImNvbG9yXCI6XCIjZjJmMmYyXCJ9XX0se1wiZmVhdHVyZVR5cGVcIjpcImxhbmRzY2FwZS5uYXR1cmFsLmxhbmRjb3ZlclwiLFwiZWxlbWVudFR5cGVcIjpcImFsbFwiLFwic3R5bGVyc1wiOlt7XCJ2aXNpYmlsaXR5XCI6XCJvblwifV19LHtcImZlYXR1cmVUeXBlXCI6XCJsYW5kc2NhcGUubmF0dXJhbC50ZXJyYWluXCIsXCJlbGVtZW50VHlwZVwiOlwiYWxsXCIsXCJzdHlsZXJzXCI6W3tcInZpc2liaWxpdHlcIjpcIm9uXCJ9XX0se1wiZmVhdHVyZVR5cGVcIjpcInBvaVwiLFwiZWxlbWVudFR5cGVcIjpcImFsbFwiLFwic3R5bGVyc1wiOlt7XCJ2aXNpYmlsaXR5XCI6XCJvZmZcIn1dfSx7XCJmZWF0dXJlVHlwZVwiOlwicm9hZFwiLFwiZWxlbWVudFR5cGVcIjpcImFsbFwiLFwic3R5bGVyc1wiOlt7XCJzYXR1cmF0aW9uXCI6LTEwMH0se1wibGlnaHRuZXNzXCI6NDV9LHtcInZpc2liaWxpdHlcIjpcIm9mZlwifV19LHtcImZlYXR1cmVUeXBlXCI6XCJyb2FkXCIsXCJlbGVtZW50VHlwZVwiOlwibGFiZWxzXCIsXCJzdHlsZXJzXCI6W3tcInZpc2liaWxpdHlcIjpcIm9mZlwifV19LHtcImZlYXR1cmVUeXBlXCI6XCJyb2FkXCIsXCJlbGVtZW50VHlwZVwiOlwibGFiZWxzLnRleHRcIixcInN0eWxlcnNcIjpbe1widmlzaWJpbGl0eVwiOlwib2ZmXCJ9XX0se1wiZmVhdHVyZVR5cGVcIjpcInJvYWRcIixcImVsZW1lbnRUeXBlXCI6XCJsYWJlbHMuaWNvblwiLFwic3R5bGVyc1wiOlt7XCJ2aXNpYmlsaXR5XCI6XCJvZmZcIn1dfSx7XCJmZWF0dXJlVHlwZVwiOlwicm9hZC5oaWdod2F5XCIsXCJlbGVtZW50VHlwZVwiOlwiYWxsXCIsXCJzdHlsZXJzXCI6W3tcInZpc2liaWxpdHlcIjpcIm9mZlwifV19LHtcImZlYXR1cmVUeXBlXCI6XCJyb2FkLmFydGVyaWFsXCIsXCJlbGVtZW50VHlwZVwiOlwibGFiZWxzLmljb25cIixcInN0eWxlcnNcIjpbe1widmlzaWJpbGl0eVwiOlwib2ZmXCJ9XX0se1wiZmVhdHVyZVR5cGVcIjpcInRyYW5zaXRcIixcImVsZW1lbnRUeXBlXCI6XCJhbGxcIixcInN0eWxlcnNcIjpbe1widmlzaWJpbGl0eVwiOlwib2ZmXCJ9XX0se1wiZmVhdHVyZVR5cGVcIjpcIndhdGVyXCIsXCJlbGVtZW50VHlwZVwiOlwiYWxsXCIsXCJzdHlsZXJzXCI6W3tcImNvbG9yXCI6XCIjYjhlM2Y0XCJ9LHtcInZpc2liaWxpdHlcIjpcIm9uXCJ9XX1dIiwibWFwX3Byb3BlcnR5Ijp7Im1hcF9pZCI6IjQifSwic2hhcGVzIjp7ImRyYXdpbmdfZWRpdGFibGUiOmZhbHNlfSwiZmlsdGVycyI6eyJmaWx0ZXJzX2NvbnRhaW5lciI6IltkYXRhLWNvbnRhaW5lcj1cIndwZ21wLWZpbHRlcnMtY29udGFpbmVyXCJdIn0sImdsb2JhbF9zZXR0aW5ncyI6eyJ3cGdtcF9sYW5ndWFnZSI6ImRlIiwid3BnbXBfYXBpX2tleSI6IkFJemFTeURVTUdEWkRLc1ZZSVNzLTJ2MXJUVXU1WmRJc1B2YktEWSIsIndwZ21wX3NjcmlwdHNfcGxhY2UiOiJmb290ZXIiLCJ3cGdtcF92ZXJzaW9uIjoiNS4yLjYiLCJ3cGdtcF9zY3JpcHRzX21pbmlmeSI6InllcyIsIndwZ21wX2FsbG93X21ldGEiOiJhOjA6e30ifSwibWFya2VyX2NhdGVnb3J5X2ljb25zIjp7IjEiOiJodHRwczpcL1wvY2FyLXRvdXJzLmNoXC93cC1jb250ZW50XC91cGxvYWRzXC8yMDE5XC8xMVwvY2FyLXRvdXJzX3Bpbi1mdWVyLWthcnRlLTEucG5nIiwiMiI6Imh0dHBzOlwvXC9lYmlrZXRvdXJzLnJva2thLmlvXC9lYmlrZXRvdXJzLWZ1bGxcLzBmZWRmNzkwMTYyNjA1YTc1M2VmN2U2MTRiNWVhNjM3ZDQ0ODIyMTZcL2Nhci10b3Vycy1waW4tZnVlci1rYXJ0ZS0xLnBuZyJ9LCJwcm92aWRlciI6Imdvb2dsZSIsImFwaUtleSI6IkFJemFTeURVTUdEWkRLc1ZZSVNzLTJ2MXJUVXU1WmRJc1B2YktEWSJ9\"; });<\/script><style id=\"wpgmp_server_generated_css_rules\">.wpgmp-map-4 ,.wpgmp-map-4  .wpgmp_tabs_container,.wpgmp-map-4  .wpgmp_listing_container { font-size : 16px !important;}<\/style>[\/vc_column_text][\/vc_column][\/vc_row][\/vc_section]\n<\/div>","protected":false},"excerpt":{"rendered":"<p>[vc_section][vc_row full_width=\u00a0\u00bbstretch_row_content_no_spaces\u00a0\u00bb css=\u00a0\u00bb.vc_custom_1607356543496{background-image: url(https:\/\/ebiketours.rokka.io\/ebiketours-full\/102cc4b044284a468d62ed3cebdef48d0547ebbe\/carterminal-2000&#215;400.jpg?id=117431) !important;background-position: center !important;background-repeat: no-repeat !important;background-size: cover !important;}\u00a0\u00bb el_class=\u00a0\u00bbwk-header\u00a0\u00bb][vc_column][\/vc_column][\/vc_row][\/vc_section][vc_section el_class=\u00a0\u00bbwk-section\u00a0\u00bb][vc_row][vc_column][vc_column_text] Lieux de d\u00e9part [\/vc_column_text][\/vc_column][\/vc_row][vc_row el_class=\u00a0\u00bbwk-row\u00a0\u00bb][vc_column width=\u00a0\u00bb5\/6&Prime;][vc_column_text] Lieux de d\u00e9part centraux avec possibilit\u00e9s de parking: Votre voyage d\u00e9bute et s\u2019ach\u00e8ve dans l\u2019un des trois lieux de d\u00e9part suivants, \u00e0 choix, o\u00f9 vous pourrez \u00e9galement parquer votre voiture \u00e0 un tarif avantageux: \u2022 Tavel&hellip;<\/p>\n","protected":false},"author":1,"featured_media":0,"parent":93956,"menu_order":0,"comment_status":"closed","ping_status":"closed","template":"","meta":{"_acf_changed":false,"footnotes":""},"class_list":["post-93972","page","type-page","status-publish","hentry","entry","no-media"],"acf":[],"_links":{"self":[{"href":"https:\/\/e-bike-tours.ch\/fr\/wp-json\/wp\/v2\/pages\/93972","targetHints":{"allow":["GET"]}}],"collection":[{"href":"https:\/\/e-bike-tours.ch\/fr\/wp-json\/wp\/v2\/pages"}],"about":[{"href":"https:\/\/e-bike-tours.ch\/fr\/wp-json\/wp\/v2\/types\/page"}],"author":[{"embeddable":true,"href":"https:\/\/e-bike-tours.ch\/fr\/wp-json\/wp\/v2\/users\/1"}],"replies":[{"embeddable":true,"href":"https:\/\/e-bike-tours.ch\/fr\/wp-json\/wp\/v2\/comments?post=93972"}],"version-history":[{"count":18,"href":"https:\/\/e-bike-tours.ch\/fr\/wp-json\/wp\/v2\/pages\/93972\/revisions"}],"predecessor-version":[{"id":134244,"href":"https:\/\/e-bike-tours.ch\/fr\/wp-json\/wp\/v2\/pages\/93972\/revisions\/134244"}],"up":[{"embeddable":true,"href":"https:\/\/e-bike-tours.ch\/fr\/wp-json\/wp\/v2\/pages\/93956"}],"wp:attachment":[{"href":"https:\/\/e-bike-tours.ch\/fr\/wp-json\/wp\/v2\/media?parent=93972"}],"curies":[{"name":"wp","href":"https:\/\/api.w.org\/{rel}","templated":true}]}}