{"id":93902,"date":"2019-11-08T13:53:10","date_gmt":"2019-11-08T12:53:10","guid":{"rendered":"https:\/\/car-tours.dev4.webkoenig.ch\/katalog-bestellen\/"},"modified":"2026-03-19T11:24:58","modified_gmt":"2026-03-19T10:24:58","slug":"commandez-nos-catalogues","status":"publish","type":"page","link":"https:\/\/e-bike-tours.ch\/fr\/commandez-nos-catalogues\/","title":{"rendered":"Commandez nos catalogues"},"content":{"rendered":"<div class=\"wpb-content-wrapper\">[vc_section el_class=\u00a0\u00bbwk-section\u00a0\u00bb][vc_row][vc_column][vc_column_text]\n<h1>Commander le catalogue<\/h1>\n[\/vc_column_text][\/vc_column][\/vc_row][vc_row disable_element=\u00a0\u00bbyes\u00a0\u00bb][vc_column width=\u00a0\u00bb1\/2&Prime;][vc_column_text css=\u00a0\u00bb\u00a0\u00bb]\n<h3><\/h3>\n<h2 style=\"text-align: left;\">Le nouveau catalogue e-Bike-tours.ch est arriv\u00e9!<\/h2>\n<p>Sillonnez des paysages pittoresques, profitez de la brise marine depuis la selle de votre v\u00e9lo et d\u00e9couvrez les beaut\u00e9s de l\u2019Europe sur deux roues. Vous trouverez dans notre catalogue un large choix de circuits inoubliables en e-bike.<\/p>\n<p>Nous sommes s\u00fbrs que vous y trouverez votre prochaine exp\u00e9rience de voyage id\u00e9ale![\/vc_column_text][\/vc_column][vc_column width=\u00a0\u00bb1\/2&Prime;]<figure class=\"vcex-image vcex-module\"><div class=\"vcex-image-inner wpex-relative wpex-inline-block\"><img width=\"800\" height=\"500\" src=\"https:\/\/e-bike-tours.ch\/wp-content\/uploads\/2024\/10\/MOCK-UP_EBT-2025_Blaetterkatalog-Frontseite-800x500-2.jpg\" class=\"vcex-image-img wpex-align-middle\" alt=\"\" loading=\"lazy\" decoding=\"async\" srcset=\"https:\/\/e-bike-tours.ch\/wp-content\/uploads\/2024\/10\/MOCK-UP_EBT-2025_Blaetterkatalog-Frontseite-800x500-2.jpg 800w, https:\/\/e-bike-tours.ch\/wp-content\/uploads\/2024\/10\/MOCK-UP_EBT-2025_Blaetterkatalog-Frontseite-800x500-2-300x188.jpg 300w, https:\/\/e-bike-tours.ch\/wp-content\/uploads\/2024\/10\/MOCK-UP_EBT-2025_Blaetterkatalog-Frontseite-800x500-2-768x480.jpg 768w\" sizes=\"auto, (max-width: 800px) 100vw, 800px\"><\/div><\/figure>[\/vc_column][\/vc_row][vc_row][vc_column width=\u00a0\u00bb1\/2&Prime;][vc_column_text css=\u00a0\u00bb\u00a0\u00bb]\n<h3 data-start=\"282\" data-end=\"491\"><\/h3>\n<h3 style=\"text-align: left;\" data-start=\"282\" data-end=\"491\">Notre \u00e9dition mars 2026!<\/h3>\n<p style=\"text-align: left;\" data-start=\"282\" data-end=\"491\">Lorsque les journ\u00e9es s\u2019allongent, que les premi\u00e8res fleurs r\u00e9v\u00e8lent leurs couleurs et que le soleil reprend de la vigueur, l\u2019envie d\u2019\u00e9vasion se fait naturellement sentir. Le printemps est une invitation irr\u00e9sistible \u00e0 explorer de nouveaux chemins et \u00e0 savourer, \u00e0 chaque coup de p\u00e9dale, une libert\u00e9 retrouv\u00e9e.<\/p>\n<p style=\"text-align: left;\" data-start=\"282\" data-end=\"491\">Nous avons le plaisir de vous pr\u00e9senter notre catalogue de printemps \u2013 une source d\u2019inspiration pour de savoureuses escapades, des d\u00e9couvertes culturelles et des aventures \u00e0 deux roues au coeur de magnifiques paysages.<\/p>\n<p style=\"text-align: left;\" data-start=\"282\" data-end=\"491\">Commandez d\u00e8s maintenant notre toute derni\u00e8re \u00e9dition et d\u00e9couvrez nos plus beaux temps forts!<\/p>\n[\/vc_column_text][vc_empty_space]<a href=\"https:\/\/booking.e-bike-tours.ch\/Prospekte.aspx?MAND=h2&#038;Lang=2&#038;WebTemplate=eBikeTours\" class=\"vcex-button theme-button inline\" target=\"_blank\" rel=\"noopener noreferrer\"><span class=\"vcex-button-inner theme-button-inner wpex-flex wpex-flex-wrap wpex-items-center wpex-justify-center\">Commander le catalogue maintenant<\/span><\/a> [vc_empty_space height=\u00a0\u00bb80px\u00a0\u00bb][\/vc_column][vc_column width=\u00a0\u00bb1\/2&Prime;]<figure class=\"vcex-image vcex-module\"><div class=\"vcex-image-inner wpex-relative wpex-inline-block\"><img width=\"800\" height=\"500\" src=\"https:\/\/ebiketours.rokka.io\/ebiketours-full\/b8af88143470c38685fb048e0f5c8faba268724b\/website-franz-mock-up-ebt2-2026-aufgeklappte-seite.jpg\" class=\"vcex-image-img wpex-align-middle\" alt=\"\" loading=\"lazy\" decoding=\"async\" srcset=\"https:\/\/ebiketours.rokka.io\/ebiketours-full\/b8af88143470c38685fb048e0f5c8faba268724b\/website-franz-mock-up-ebt2-2026-aufgeklappte-seite.jpg 800w, https:\/\/ebiketours.rokka.io\/ebiketours-medium\/b8af88143470c38685fb048e0f5c8faba268724b\/website-franz-mock-up-ebt2-2026-aufgeklappte-seite-300x188.jpg 300w, https:\/\/ebiketours.rokka.io\/ebiketours-medium_large\/b8af88143470c38685fb048e0f5c8faba268724b\/website-franz-mock-up-ebt2-2026-aufgeklappte-seite-768x480.jpg 768w\" sizes=\"auto, (max-width: 800px) 100vw, 800px\"><\/div><\/figure>[\/vc_column][\/vc_row][vc_row][vc_column width=\u00a0\u00bb1\/4&Prime;]\n    <div class=\"cartours-issuu-catalogue-box\">\n        \n    <div class=\"issuu-cataloug-item hidden-phone\">\n        [vc_single_image image=\"136979\" img_size=\"large\" lightbox_iframe_type=\"video_embed\" el_class=\"wpex-lightbox\" lightbox_video=\"https:\/\/e.issuu.com\/embed.html?d=e-bike-tours.ch_-_dition_mars_2026&amp;u=e-bike-tours.ch\"][vc_empty_space height=\"16px\"][vc_btn title=\"Feuilleter le catalog maintenant\" style=\"flat\" shape=\"square\" color=\"pink\" align=\"center\" css_animation=\"none\" custom_onclick=\"true\" custom_onclick_code=\"obwk_openCatalogLightbox(this)\"]\n    <\/div>\n    <div class=\"issuu-cataloug-item visible-phone\">\n        [vc_single_image image=\"136979\" img_size=\"large\" lightbox_iframe_type=\"video_embed\" el_class=\"wpex-lightbox\" lightbox_video=\"https:\/\/e.issuu.com\/embed.html?d=e-bike-tours.ch_-_dition_mars_2026&amp;u=e-bike-tours.ch&pageLayout=singlePage\"][vc_empty_space height=\"16px\"][vc_btn title=\"Feuilleter le catalog maintenant\" style=\"flat\" shape=\"square\" color=\"pink\" align=\"center\" css_animation=\"none\" custom_onclick=\"true\" custom_onclick_code=\"obwk_openCatalogLightbox(this)\"]\n    <\/div>\n    <\/div>[\/vc_column][vc_column width=\u00a0\u00bb1\/4&Prime; visibility=\u00a0\u00bbhidden\u00a0\u00bb]\n    <div class=\"cartours-issuu-catalogue-box\">\n        \n    <div class=\"issuu-cataloug-item hidden-phone\">\n        [vc_single_image image=\"131561\" img_size=\"large\" lightbox_iframe_type=\"video_embed\" el_class=\"wpex-lightbox\" lightbox_video=\"https:\/\/e.issuu.com\/embed.html?d=ebt_2_fru_hlings-katalog_2024_low&amp;u=e-bike-tours.ch\"][vc_empty_space height=\"16px\"][vc_btn title=\"Feuilleter le catalog maintenant\" style=\"flat\" shape=\"square\" color=\"pink\" align=\"center\" css_animation=\"none\" custom_onclick=\"true\" custom_onclick_code=\"obwk_openCatalogLightbox(this)\"]\n    <\/div>\n    <div class=\"issuu-cataloug-item visible-phone\">\n        [vc_single_image image=\"131561\" img_size=\"large\" lightbox_iframe_type=\"video_embed\" el_class=\"wpex-lightbox\" lightbox_video=\"https:\/\/e.issuu.com\/embed.html?d=ebt_2_fru_hlings-katalog_2024_low&amp;u=e-bike-tours.ch&pageLayout=singlePage\"][vc_empty_space height=\"16px\"][vc_btn title=\"Feuilleter le catalog maintenant\" style=\"flat\" shape=\"square\" color=\"pink\" align=\"center\" css_animation=\"none\" custom_onclick=\"true\" custom_onclick_code=\"obwk_openCatalogLightbox(this)\"]\n    <\/div>\n    <\/div>[\/vc_column][vc_column width=\u00a0\u00bb1\/4&Prime; visibility=\u00a0\u00bbhidden\u00a0\u00bb]\n    <div class=\"cartours-issuu-catalogue-box\">\n        \n    <div class=\"issuu-cataloug-item hidden-phone\">\n        [vc_single_image image=\"131561\" img_size=\"large\" lightbox_iframe_type=\"video_embed\" el_class=\"wpex-lightbox\" lightbox_video=\"https:\/\/e.issuu.com\/embed.html?d=ebt_2_fru_hlings-katalog_2024_low&amp;u=e-bike-tours.ch\"][vc_empty_space height=\"16px\"][vc_btn title=\"Feuilleter le catalog maintenant\" style=\"flat\" shape=\"square\" color=\"pink\" align=\"center\" css_animation=\"none\" custom_onclick=\"true\" custom_onclick_code=\"obwk_openCatalogLightbox(this)\"]\n    <\/div>\n    <div class=\"issuu-cataloug-item visible-phone\">\n        [vc_single_image image=\"131561\" img_size=\"large\" lightbox_iframe_type=\"video_embed\" el_class=\"wpex-lightbox\" lightbox_video=\"https:\/\/e.issuu.com\/embed.html?d=ebt_2_fru_hlings-katalog_2024_low&amp;u=e-bike-tours.ch&pageLayout=singlePage\"][vc_empty_space height=\"16px\"][vc_btn title=\"Feuilleter le catalog maintenant\" style=\"flat\" shape=\"square\" color=\"pink\" align=\"center\" css_animation=\"none\" custom_onclick=\"true\" custom_onclick_code=\"obwk_openCatalogLightbox(this)\"]\n    <\/div>\n    <\/div>[\/vc_column][vc_column width=\u00a0\u00bb1\/4&Prime; visibility=\u00a0\u00bbhidden\u00a0\u00bb]\n    <div class=\"cartours-issuu-catalogue-box\">\n        \n    <div class=\"issuu-cataloug-item hidden-phone\">\n        [vc_single_image image=\"131561\" img_size=\"large\" lightbox_iframe_type=\"video_embed\" el_class=\"wpex-lightbox\" lightbox_video=\"https:\/\/e.issuu.com\/embed.html?d=ebt_2_fru_hlings-katalog_2024_low&amp;u=e-bike-tours.ch\"][vc_empty_space height=\"16px\"][vc_btn title=\"Feuilleter le catalog maintenant\" style=\"flat\" shape=\"square\" color=\"pink\" align=\"center\" css_animation=\"none\" custom_onclick=\"true\" custom_onclick_code=\"obwk_openCatalogLightbox(this)\"]\n    <\/div>\n    <div class=\"issuu-cataloug-item visible-phone\">\n        [vc_single_image image=\"131561\" img_size=\"large\" lightbox_iframe_type=\"video_embed\" el_class=\"wpex-lightbox\" lightbox_video=\"https:\/\/e.issuu.com\/embed.html?d=ebt_2_fru_hlings-katalog_2024_low&amp;u=e-bike-tours.ch&pageLayout=singlePage\"][vc_empty_space height=\"16px\"][vc_btn title=\"Feuilleter le catalog maintenant\" style=\"flat\" shape=\"square\" color=\"pink\" align=\"center\" css_animation=\"none\" custom_onclick=\"true\" custom_onclick_code=\"obwk_openCatalogLightbox(this)\"]\n    <\/div>\n    <\/div>[\/vc_column][\/vc_row][\/vc_section]\n<\/div>","protected":false},"excerpt":{"rendered":"<p>[vc_section el_class=\u00a0\u00bbwk-section\u00a0\u00bb][vc_row][vc_column][vc_column_text] Commander le catalogue [\/vc_column_text][\/vc_column][\/vc_row][vc_row disable_element=\u00a0\u00bbyes\u00a0\u00bb][vc_column width=\u00a0\u00bb1\/2&Prime;][vc_column_text css=\u00a0\u00bb\u00a0\u00bb] Le nouveau catalogue e-Bike-tours.ch est arriv\u00e9! Sillonnez des paysages pittoresques, profitez de la brise marine depuis la selle de votre v\u00e9lo et d\u00e9couvrez les beaut\u00e9s de l\u2019Europe sur deux roues. Vous trouverez dans notre catalogue un large choix de circuits inoubliables en e-bike. Nous sommes s\u00fbrs&hellip;<\/p>\n","protected":false},"author":1,"featured_media":135180,"parent":0,"menu_order":0,"comment_status":"closed","ping_status":"closed","template":"","meta":{"_acf_changed":false,"footnotes":""},"class_list":["post-93902","page","type-page","status-publish","has-post-thumbnail","hentry","entry","has-media"],"acf":[],"_links":{"self":[{"href":"https:\/\/e-bike-tours.ch\/fr\/wp-json\/wp\/v2\/pages\/93902","targetHints":{"allow":["GET"]}}],"collection":[{"href":"https:\/\/e-bike-tours.ch\/fr\/wp-json\/wp\/v2\/pages"}],"about":[{"href":"https:\/\/e-bike-tours.ch\/fr\/wp-json\/wp\/v2\/types\/page"}],"author":[{"embeddable":true,"href":"https:\/\/e-bike-tours.ch\/fr\/wp-json\/wp\/v2\/users\/1"}],"replies":[{"embeddable":true,"href":"https:\/\/e-bike-tours.ch\/fr\/wp-json\/wp\/v2\/comments?post=93902"}],"version-history":[{"count":26,"href":"https:\/\/e-bike-tours.ch\/fr\/wp-json\/wp\/v2\/pages\/93902\/revisions"}],"predecessor-version":[{"id":136988,"href":"https:\/\/e-bike-tours.ch\/fr\/wp-json\/wp\/v2\/pages\/93902\/revisions\/136988"}],"wp:featuredmedia":[{"embeddable":true,"href":"https:\/\/e-bike-tours.ch\/fr\/wp-json\/wp\/v2\/media\/135180"}],"wp:attachment":[{"href":"https:\/\/e-bike-tours.ch\/fr\/wp-json\/wp\/v2\/media?parent=93902"}],"curies":[{"name":"wp","href":"https:\/\/api.w.org\/{rel}","templated":true}]}}