{"id":93893,"date":"2019-11-15T15:19:52","date_gmt":"2019-11-15T14:19:52","guid":{"rendered":"https:\/\/car-tours.dev4.webkoenig.ch\/?page_id=93893"},"modified":"2024-11-28T08:48:30","modified_gmt":"2024-11-28T07:48:30","slug":"mentions-legales","status":"publish","type":"page","link":"https:\/\/e-bike-tours.ch\/fr\/mentions-legales\/","title":{"rendered":"Mentions Legales"},"content":{"rendered":"<div class=\"wpb-content-wrapper\">[vc_section el_class=\u00a0\u00bbwk-section\u00a0\u00bb][vc_row][vc_column][vc_column_text]\n<h1>Mentions Legales<\/h1>\n[\/vc_column_text][\/vc_column][\/vc_row][vc_row el_class=\u00a0\u00bbwk-row\u00a0\u00bb][vc_column width=\u00a0\u00bb2\/3&Prime;][vc_column_text css=\u00a0\u00bb\u00a0\u00bb]<strong>e-Bike-tours.ch AG<\/strong><br \/>\nTalstrasse 24<br \/>\nCH-8852 Altendorf \/ SZ<br \/>\nT\u00e9l. 0848 00 77 66<br \/>\nFax 0041 44 735 30 09<\/p>\n<p><strong>Contact :<\/strong> <a rel=\"noopener\">info@e-bike-tours.ch<\/a><\/p>\n<p><strong>Personnes responsables :<\/strong> Marco G\u00f6ssi, Karin G\u00f6ssi, Patrick Gil, Verena B\u00fccheler et Urs Tanner<\/p>\n<p><strong>Num\u00e9ro d&rsquo;entreprise :<\/strong> CHE-315.828.073<\/p>\n<p><strong>Num\u00e9ro de TVA :<\/strong> CHE-315.828.073 MWST<\/p>\n<p><strong>\u00a0<\/strong><\/p>\n<p><strong>Clause de non-responsabilit\u00e9<\/strong><\/p>\n<p>e-Bike-tours.ch AG ne garantit en aucun cas l&rsquo;exactitude, la pr\u00e9cision, l&rsquo;actualit\u00e9, la fiabilit\u00e9 ou l&rsquo;exhaustivit\u00e9 des informations fournies.<\/p>\n<p>Les demandes d&rsquo;indemnisation pour des dommages mat\u00e9riels ou immat\u00e9riels r\u00e9sultant de l&rsquo;acc\u00e8s, de l&rsquo;utilisation ou de la non-utilisation des informations publi\u00e9es, d&rsquo;un usage abusif de la connexion ou de dysfonctionnements techniques sont exclues. Toutes les offres sont sans engagement. e-Bike-tours.ch AG se r\u00e9serve express\u00e9ment le droit de modifier, de compl\u00e9ter ou de supprimer des parties des pages ou l&rsquo;ensemble de l&rsquo;offre sans pr\u00e9avis, ou de suspendre temporairement ou d\u00e9finitivement la publication.<\/p>\n<p>&nbsp;<\/p>\n<p><strong>Responsabilit\u00e9 pour les liens<\/strong><\/p>\n<p>Les renvois et liens vers des sites web de tiers ne rel\u00e8vent pas de notre responsabilit\u00e9. Toute responsabilit\u00e9 pour ces sites web est rejet\u00e9e. L&rsquo;acc\u00e8s \u00e0 ces sites et leur utilisation se font aux risques et p\u00e9rils de l&rsquo;utilisateur ou de l&rsquo;utilisatrice.<\/p>\n<p>&nbsp;<\/p>\n<p><strong>Droits d\u2019auteur<\/strong><\/p>\n<p>Les droits d&rsquo;auteur et tous les autres droits relatifs aux contenus, images, photos ou autres fichiers sur le site internet appartiennent exclusivement \u00e0 e-Bike-tours.ch AG ou aux titulaires des droits express\u00e9ment mentionn\u00e9s. Toute reproduction d&rsquo;\u00e9l\u00e9ments du site n\u00e9cessite l&rsquo;autorisation \u00e9crite pr\u00e9alable des d\u00e9tenteurs des droits d&rsquo;auteur.[\/vc_column_text][\/vc_column][vc_column width=\u00a0\u00bb1\/3&Prime;][\/vc_column][\/vc_row][\/vc_section]\n<\/div>","protected":false},"excerpt":{"rendered":"<p>[vc_section el_class=\u00a0\u00bbwk-section\u00a0\u00bb][vc_row][vc_column][vc_column_text] Mentions Legales [\/vc_column_text][\/vc_column][\/vc_row][vc_row el_class=\u00a0\u00bbwk-row\u00a0\u00bb][vc_column width=\u00a0\u00bb2\/3&Prime;][vc_column_text css=\u00a0\u00bb\u00a0\u00bb]e-Bike-tours.ch AG Talstrasse 24 CH-8852 Altendorf \/ SZ T\u00e9l. 0848 00 77 66 Fax 0041 44 735 30 09 Contact : info@e-bike-tours.ch Personnes responsables : Marco G\u00f6ssi, Karin G\u00f6ssi, Patrick Gil, Verena B\u00fccheler et Urs Tanner Num\u00e9ro d&rsquo;entreprise : CHE-315.828.073 Num\u00e9ro de TVA : CHE-315.828.073 MWST \u00a0 Clause&hellip;<\/p>\n","protected":false},"author":1,"featured_media":0,"parent":0,"menu_order":0,"comment_status":"closed","ping_status":"closed","template":"","meta":{"_acf_changed":false,"footnotes":""},"class_list":["post-93893","page","type-page","status-publish","hentry","entry","no-media"],"acf":[],"_links":{"self":[{"href":"https:\/\/e-bike-tours.ch\/fr\/wp-json\/wp\/v2\/pages\/93893","targetHints":{"allow":["GET"]}}],"collection":[{"href":"https:\/\/e-bike-tours.ch\/fr\/wp-json\/wp\/v2\/pages"}],"about":[{"href":"https:\/\/e-bike-tours.ch\/fr\/wp-json\/wp\/v2\/types\/page"}],"author":[{"embeddable":true,"href":"https:\/\/e-bike-tours.ch\/fr\/wp-json\/wp\/v2\/users\/1"}],"replies":[{"embeddable":true,"href":"https:\/\/e-bike-tours.ch\/fr\/wp-json\/wp\/v2\/comments?post=93893"}],"version-history":[{"count":6,"href":"https:\/\/e-bike-tours.ch\/fr\/wp-json\/wp\/v2\/pages\/93893\/revisions"}],"predecessor-version":[{"id":134273,"href":"https:\/\/e-bike-tours.ch\/fr\/wp-json\/wp\/v2\/pages\/93893\/revisions\/134273"}],"wp:attachment":[{"href":"https:\/\/e-bike-tours.ch\/fr\/wp-json\/wp\/v2\/media?parent=93893"}],"curies":[{"name":"wp","href":"https:\/\/api.w.org\/{rel}","templated":true}]}}