{"id":93816,"date":"2019-11-08T11:39:17","date_gmt":"2019-11-08T10:39:17","guid":{"rendered":"https:\/\/car-tours.dev4.webkoenig.ch\/gutschein\/"},"modified":"2025-06-25T11:49:47","modified_gmt":"2025-06-25T09:49:47","slug":"bon-de-voyage","status":"publish","type":"page","link":"https:\/\/e-bike-tours.ch\/fr\/bon-de-voyage\/","title":{"rendered":"Bon de voyage"},"content":{"rendered":"<div class=\"wpb-content-wrapper\">[vc_row full_width=\u00a0\u00bbstretch_row\u00a0\u00bb css=\u00a0\u00bb.vc_custom_1750840008534{background-image: url(https:\/\/e-bike-tours.ch\/wp-content\/uploads\/2025\/03\/Gutschein-Header.jpg?id=134881) !important;background-position: center !important;background-repeat: no-repeat !important;background-size: cover !important;}\u00a0\u00bb el_class=\u00a0\u00bbwk-header\u00a0\u00bb][vc_column][\/vc_column][\/vc_row][vc_section el_class=\u00a0\u00bbwk-section\u00a0\u00bb][vc_row][vc_column][vc_column_text css=\u00a0\u00bb\u00a0\u00bb]\n<h2>Bon de voyage \u2013 pour allier d\u00e9tente active et plaisir!<\/h2>\n[\/vc_column_text]<div class=\"vcex-spacing wpex-w-100 wpex-clear\" style=\"height:10px;\"><\/div>[\/vc_column][\/vc_row][vc_row el_class=\u00a0\u00bbwk-row\u00a0\u00bb][vc_column width=\u00a0\u00bb1\/2&Prime;][vc_gallery interval=\u00a0\u00bb3&Prime; images=\u00a0\u00bb135438&Prime; img_size=\u00a0\u00bbfull\u00a0\u00bb css=\u00a0\u00bb\u00a0\u00bb][\/vc_column][vc_column width=\u00a0\u00bb1\/2&Prime;][vc_column_text css=\u00a0\u00bb\u00a0\u00bb]Une ann\u00e9e particuli\u00e8re m\u00e9rite un cadeau tout aussi sp\u00e9cial. Avec un bon cadeau de e-bike-tours.ch, vous offrez non seulement de la joie, mais aussi des aventures durables \u00e0 deux roues. Que ce soit pour un anniversaire, No\u00ebl ou simplement comme une attention pleine de tendresse \u2013 nos circuits en e-bike empruntent les plus belles pistes cyclables d\u2019Europe et combinent d\u00e9tente active et souvenirs inoubliables.<\/p>\n<p><strong> Offrez des exp\u00e9riences plut\u00f4t que des objets \u2013 commande facile en ligne et personnalisation possible sur demande.<\/strong>[\/vc_column_text]<div class=\"vcex-spacing wpex-w-100 wpex-clear\" style=\"height:30px;\"><\/div><a href=\"https:\/\/to.reisemarkt.ch\/Gutschein.aspx?Mand=h2&#038;Lang=2&#038;standardreise=gegut\" class=\"vcex-button theme-button inline\" target=\"_blank\" rel=\"noopener noreferrer\"><span class=\"vcex-button-inner theme-button-inner wpex-flex wpex-flex-wrap wpex-items-center wpex-justify-center\">commander le bon!<\/span><\/a> [\/vc_column][\/vc_row][vc_row][vc_column]<div class=\"vcex-spacing wpex-w-100 wpex-clear\" style=\"height:50px;\"><\/div>[vc_column_text css=\u00a0\u00bb\u00a0\u00bb]\n<h2>Comment les clients utilisent leurs bons de voyage<\/h2>\n[\/vc_column_text]<div class=\"vcex-spacing wpex-w-100 wpex-clear\" style=\"height:10px;\"><\/div><div class=\"vcex-post-type-carousel vcex-module wpex-carousel wpex-carousel-post-type wpex-clr owl-carousel arrwstyle-default arrwpos-abs wpex-text-center wpb_animate_when_almost_visible wpb_fadeIn fadeIn vcex_69ebea2fb1c2b\" data-wpex-carousel=\"{&quot;autoplay&quot;:&quot;true&quot;,&quot;center&quot;:&quot;true&quot;,&quot;slideBy&quot;:1,&quot;items&quot;:4,&quot;responsive&quot;:{&quot;0&quot;:{&quot;items&quot;:&quot;1&quot;},&quot;480&quot;:{&quot;items&quot;:&quot;2&quot;},&quot;768&quot;:{&quot;items&quot;:&quot;3&quot;},&quot;960&quot;:{&quot;items&quot;:4}},&quot;smartSpeed&quot;:500}\"><div class=\"wpex-carousel-slide wpex-clr entry post-134025 type-cartours_event has-media cartours_category-505 cartours_category-502 cartours_category-501\"><div class=\"wpex-carousel-entry-media entry-media wpex-relative wpex-image-hover opacity\"><a href=\"https:\/\/e-bike-tours.ch\/fr\/tour\/e-bike-wellness-dans-le-land-de-salzbourg\/\" title=\"e-bike &amp; wellness dans le Land de Salzbourg\" class=\"wpex-carousel-entry-img\"><img data-no-lazy=\"1\" class=\"wpex-carousel-entry-img wpex-align-middle skip-lazy\" src=\"https:\/\/e-bike-tours.ch\/wp-content\/uploads\/2023\/11\/RH_63_e-Bike-Wellness-im-Salzburgerland_TOP-400x267.jpg\" alt=\"\" srcset=\"https:\/\/e-bike-tours.ch\/wp-content\/uploads\/2023\/11\/RH_63_e-Bike-Wellness-im-Salzburgerland_TOP-400x267.jpg 400w, https:\/\/e-bike-tours.ch\/wp-content\/uploads\/2023\/11\/RH_63_e-Bike-Wellness-im-Salzburgerland_TOP-300x200.jpg 300w, https:\/\/e-bike-tours.ch\/wp-content\/uploads\/2023\/11\/RH_63_e-Bike-Wellness-im-Salzburgerland_TOP.jpg 600w\" width=\"400\" height=\"267\"><\/a><\/div><div class=\"wpex-carousel-entry-details entry-details wpex-boxed wpex-first-mt-0 wpex-last-mb-0 wpex-clr\"><div  page_carousel_TCS=\"\" page_carousel_wochenhit=\"\" page_carousel_event_price=\"1499\" page_carousel_event_price_sym=\"CHF\" page_carousel_additional_desc_line=\"7 jours d\u00e8s CHF 1499\" class=\"wpex-carousel-entry-title entry-title wpex-mb-5\"><a href=\"https:\/\/e-bike-tours.ch\/fr\/tour\/e-bike-wellness-dans-le-land-de-salzbourg\/\">e-bike &amp; wellness dans le Land de Salzbourg<\/a><\/div><div class=\"wpex-carousel-entry-button entry-readmore-wrap wpex-my-15 wpex-clr\"><a href=\"https:\/\/e-bike-tours.ch\/fr\/tour\/e-bike-wellness-dans-le-land-de-salzbourg\/\" class=\"entry-readmore theme-button green\" aria-label=\"Infos &amp; r\u00e9servation about e-bike &amp; wellness dans le Land de Salzbourg\">Infos &amp; r\u00e9servation<\/a><\/div><\/div><\/div><div class=\"wpex-carousel-slide wpex-clr entry post-134027 type-cartours_event has-media cartours_category-501 cartours_category-503 cartours_category-502\"><div class=\"wpex-carousel-entry-media entry-media wpex-relative wpex-image-hover opacity\"><a href=\"https:\/\/e-bike-tours.ch\/fr\/tour\/e-bike-en-sardaigne\/\" title=\"e-bike en Sardaigne\" class=\"wpex-carousel-entry-img\"><img data-no-lazy=\"1\" class=\"wpex-carousel-entry-img wpex-align-middle skip-lazy\" src=\"https:\/\/e-bike-tours.ch\/wp-content\/uploads\/2022\/11\/E-Bike-Sardinien_Hauptbild_TOP-400x267.jpg\" alt=\"\" srcset=\"https:\/\/e-bike-tours.ch\/wp-content\/uploads\/2022\/11\/E-Bike-Sardinien_Hauptbild_TOP-400x267.jpg 400w, https:\/\/e-bike-tours.ch\/wp-content\/uploads\/2022\/11\/E-Bike-Sardinien_Hauptbild_TOP-300x200.jpg 300w, https:\/\/e-bike-tours.ch\/wp-content\/uploads\/2022\/11\/E-Bike-Sardinien_Hauptbild_TOP.jpg 600w\" width=\"400\" height=\"267\"><\/a><\/div><div class=\"wpex-carousel-entry-details entry-details wpex-boxed wpex-first-mt-0 wpex-last-mb-0 wpex-clr\"><div  page_carousel_TCS=\"\" page_carousel_wochenhit=\"\" page_carousel_event_price=\"2149\" page_carousel_event_price_sym=\"CHF\" page_carousel_additional_desc_line=\"8 jours d\u00e8s CHF 2149\" class=\"wpex-carousel-entry-title entry-title wpex-mb-5\"><a href=\"https:\/\/e-bike-tours.ch\/fr\/tour\/e-bike-en-sardaigne\/\">e-bike en Sardaigne<\/a><\/div><div class=\"wpex-carousel-entry-button entry-readmore-wrap wpex-my-15 wpex-clr\"><a href=\"https:\/\/e-bike-tours.ch\/fr\/tour\/e-bike-en-sardaigne\/\" class=\"entry-readmore theme-button green\" aria-label=\"Infos &amp; r\u00e9servation about e-bike en Sardaigne\">Infos &amp; r\u00e9servation<\/a><\/div><\/div><\/div><div class=\"wpex-carousel-slide wpex-clr entry post-134030 type-cartours_event has-media cartours_category-505 cartours_category-502 cartours_category-501\"><div class=\"wpex-carousel-entry-media entry-media wpex-relative wpex-image-hover opacity\"><a href=\"https:\/\/e-bike-tours.ch\/fr\/tour\/le-circuit-des-10-lacs\/\" title=\"Le circuit des 10 lacs\" class=\"wpex-carousel-entry-img\"><img data-no-lazy=\"1\" class=\"wpex-carousel-entry-img wpex-align-middle skip-lazy\" src=\"https:\/\/e-bike-tours.ch\/wp-content\/uploads\/2020\/12\/10Seen_Rundfahrt_TOP-400x267.jpg\" alt=\"\" srcset=\"https:\/\/e-bike-tours.ch\/wp-content\/uploads\/2020\/12\/10Seen_Rundfahrt_TOP-400x267.jpg 400w, https:\/\/e-bike-tours.ch\/wp-content\/uploads\/2020\/12\/10Seen_Rundfahrt_TOP-300x200.jpg 300w, https:\/\/e-bike-tours.ch\/wp-content\/uploads\/2020\/12\/10Seen_Rundfahrt_TOP.jpg 600w\" width=\"400\" height=\"267\"><\/a><\/div><div class=\"wpex-carousel-entry-details entry-details wpex-boxed wpex-first-mt-0 wpex-last-mb-0 wpex-clr\"><div  page_carousel_TCS=\"\" page_carousel_wochenhit=\"\" page_carousel_event_price=\"1769\" page_carousel_event_price_sym=\"CHF\" page_carousel_additional_desc_line=\"7 jours d\u00e8s CHF 1769\" class=\"wpex-carousel-entry-title entry-title wpex-mb-5\"><a href=\"https:\/\/e-bike-tours.ch\/fr\/tour\/le-circuit-des-10-lacs\/\">Le circuit des 10 lacs<\/a><\/div><div class=\"wpex-carousel-entry-button entry-readmore-wrap wpex-my-15 wpex-clr\"><a href=\"https:\/\/e-bike-tours.ch\/fr\/tour\/le-circuit-des-10-lacs\/\" class=\"entry-readmore theme-button green\" aria-label=\"Infos &amp; r\u00e9servation about Le circuit des 10 lacs\">Infos &amp; r\u00e9servation<\/a><\/div><\/div><\/div><div class=\"wpex-carousel-slide wpex-clr entry post-134024 type-cartours_event has-media cartours_category-501 cartours_category-503 cartours_category-502\"><div class=\"wpex-carousel-entry-media entry-media wpex-relative wpex-image-hover opacity\"><a href=\"https:\/\/e-bike-tours.ch\/fr\/tour\/cinque-terre-toscane\/\" title=\"Cinque Terre &amp; Toscane\" class=\"wpex-carousel-entry-img\"><img data-no-lazy=\"1\" class=\"wpex-carousel-entry-img wpex-align-middle skip-lazy\" src=\"https:\/\/e-bike-tours.ch\/wp-content\/uploads\/2024\/10\/Cinque-Terre-Toskana-TOP-600x400-1-400x267.jpg\" alt=\"\" srcset=\"https:\/\/e-bike-tours.ch\/wp-content\/uploads\/2024\/10\/Cinque-Terre-Toskana-TOP-600x400-1-400x267.jpg 400w, https:\/\/e-bike-tours.ch\/wp-content\/uploads\/2024\/10\/Cinque-Terre-Toskana-TOP-600x400-1-300x200.jpg 300w, https:\/\/e-bike-tours.ch\/wp-content\/uploads\/2024\/10\/Cinque-Terre-Toskana-TOP-600x400-1.jpg 600w\" width=\"400\" height=\"267\"><\/a><\/div><div class=\"wpex-carousel-entry-details entry-details wpex-boxed wpex-first-mt-0 wpex-last-mb-0 wpex-clr\"><div  page_carousel_TCS=\"\" page_carousel_wochenhit=\"\" page_carousel_event_price=\"1299\" page_carousel_event_price_sym=\"CHF\" page_carousel_additional_desc_line=\"6 jours d\u00e8s CHF 1299\" class=\"wpex-carousel-entry-title entry-title wpex-mb-5\"><a href=\"https:\/\/e-bike-tours.ch\/fr\/tour\/cinque-terre-toscane\/\">Cinque Terre &amp; Toscane<\/a><\/div><div class=\"wpex-carousel-entry-button entry-readmore-wrap wpex-my-15 wpex-clr\"><a href=\"https:\/\/e-bike-tours.ch\/fr\/tour\/cinque-terre-toscane\/\" class=\"entry-readmore theme-button green\" aria-label=\"Infos &amp; r\u00e9servation about Cinque Terre &amp; Toscane\">Infos &amp; r\u00e9servation<\/a><\/div><\/div><\/div><div class=\"wpex-carousel-slide wpex-clr entry post-136303 type-cartours_event has-media cartours_category-501 cartours_category-502 cartours_category-517\"><div class=\"wpex-carousel-entry-media entry-media wpex-relative wpex-image-hover opacity\"><a href=\"https:\/\/e-bike-tours.ch\/fr\/tour\/riviera-slovene\/\" title=\"Riviera slov\u00e8ne\" class=\"wpex-carousel-entry-img\"><img data-no-lazy=\"1\" class=\"wpex-carousel-entry-img wpex-align-middle skip-lazy\" src=\"https:\/\/e-bike-tours.ch\/wp-content\/uploads\/2022\/11\/slow-top-600x400-1-400x267.jpg\" alt=\"\" srcset=\"https:\/\/e-bike-tours.ch\/wp-content\/uploads\/2022\/11\/slow-top-600x400-1-400x267.jpg 400w, https:\/\/e-bike-tours.ch\/wp-content\/uploads\/2022\/11\/slow-top-600x400-1-300x200.jpg 300w, https:\/\/e-bike-tours.ch\/wp-content\/uploads\/2022\/11\/slow-top-600x400-1.jpg 600w\" width=\"400\" height=\"267\"><\/a><\/div><div class=\"wpex-carousel-entry-details entry-details wpex-boxed wpex-first-mt-0 wpex-last-mb-0 wpex-clr\"><div  page_carousel_TCS=\"\" page_carousel_wochenhit=\"\" page_carousel_event_price=\"1599\" page_carousel_event_price_sym=\"CHF\" page_carousel_additional_desc_line=\"7 jours d\u00e8s CHF 1599\" class=\"wpex-carousel-entry-title entry-title wpex-mb-5\"><a href=\"https:\/\/e-bike-tours.ch\/fr\/tour\/riviera-slovene\/\">Riviera slov\u00e8ne<\/a><\/div><div class=\"wpex-carousel-entry-button entry-readmore-wrap wpex-my-15 wpex-clr\"><a href=\"https:\/\/e-bike-tours.ch\/fr\/tour\/riviera-slovene\/\" class=\"entry-readmore theme-button green\" aria-label=\"Infos &amp; r\u00e9servation about Riviera slov\u00e8ne\">Infos &amp; r\u00e9servation<\/a><\/div><\/div><\/div><div class=\"wpex-carousel-slide wpex-clr entry post-134031 type-cartours_event has-media cartours_category-501 cartours_category-503 cartours_category-502\"><div class=\"wpex-carousel-entry-media entry-media wpex-relative wpex-image-hover opacity\"><a href=\"https:\/\/e-bike-tours.ch\/fr\/tour\/magie-de-lile-delbe\/\" title=\"Magie de l&rsquo;\u00eele d&rsquo;Elbe\" class=\"wpex-carousel-entry-img\"><img data-no-lazy=\"1\" class=\"wpex-carousel-entry-img wpex-align-middle skip-lazy\" src=\"https:\/\/ebiketours.rokka.io\/ebiketours-cartours_carousel_images\/6a542bd555fcb243d5bad7e7d3ede3a4ec848765\/ebt-elba-top-600x400-400x267.jpg\" alt=\"\" srcset=\"https:\/\/ebiketours.rokka.io\/ebiketours-cartours_carousel_images\/6a542bd555fcb243d5bad7e7d3ede3a4ec848765\/ebt-elba-top-600x400-400x267.jpg 400w, https:\/\/ebiketours.rokka.io\/ebiketours-medium\/6a542bd555fcb243d5bad7e7d3ede3a4ec848765\/ebt-elba-top-600x400-300x200.jpg 300w, https:\/\/ebiketours.rokka.io\/ebiketours-full\/6a542bd555fcb243d5bad7e7d3ede3a4ec848765\/ebt-elba-top-600x400.jpg 600w\" width=\"400\" height=\"267\"><\/a><\/div><div class=\"wpex-carousel-entry-details entry-details wpex-boxed wpex-first-mt-0 wpex-last-mb-0 wpex-clr\"><div  page_carousel_TCS=\"\" page_carousel_wochenhit=\"\" page_carousel_event_price=\"1599\" page_carousel_event_price_sym=\"CHF\" page_carousel_additional_desc_line=\"7 jours d\u00e8s CHF 1599\" class=\"wpex-carousel-entry-title entry-title wpex-mb-5\"><a href=\"https:\/\/e-bike-tours.ch\/fr\/tour\/magie-de-lile-delbe\/\">Magie de l&rsquo;\u00eele d&rsquo;Elbe<\/a><\/div><div class=\"wpex-carousel-entry-button entry-readmore-wrap wpex-my-15 wpex-clr\"><a href=\"https:\/\/e-bike-tours.ch\/fr\/tour\/magie-de-lile-delbe\/\" class=\"entry-readmore theme-button green\" aria-label=\"Infos &amp; r\u00e9servation about Magie de l&rsquo;\u00eele d&rsquo;Elbe\">Infos &amp; r\u00e9servation<\/a><\/div><\/div><\/div><div class=\"wpex-carousel-slide wpex-clr entry post-136223 type-cartours_event has-media cartours_category-501 cartours_category-515 cartours_category-502\"><div class=\"wpex-carousel-entry-media entry-media wpex-relative wpex-image-hover opacity\"><a href=\"https:\/\/e-bike-tours.ch\/fr\/tour\/corse-lile-de-beaute\/\" title=\"Corse &#8211; l&rsquo;\u00eele de beaut\u00e9\" class=\"wpex-carousel-entry-img\"><img data-no-lazy=\"1\" class=\"wpex-carousel-entry-img wpex-align-middle skip-lazy\" src=\"https:\/\/e-bike-tours.ch\/wp-content\/uploads\/2025\/10\/Korsika_TOP_600x400-400x267.jpg\" alt=\"\" srcset=\"https:\/\/e-bike-tours.ch\/wp-content\/uploads\/2025\/10\/Korsika_TOP_600x400-400x267.jpg 400w, https:\/\/e-bike-tours.ch\/wp-content\/uploads\/2025\/10\/Korsika_TOP_600x400-300x200.jpg 300w, https:\/\/e-bike-tours.ch\/wp-content\/uploads\/2025\/10\/Korsika_TOP_600x400.jpg 600w\" width=\"400\" height=\"267\"><\/a><\/div><div class=\"wpex-carousel-entry-details entry-details wpex-boxed wpex-first-mt-0 wpex-last-mb-0 wpex-clr\"><div  page_carousel_TCS=\"\" page_carousel_wochenhit=\"\" page_carousel_event_price=\"2199\" page_carousel_event_price_sym=\"CHF\" page_carousel_additional_desc_line=\"8 jours d\u00e8s CHF 2199\" class=\"wpex-carousel-entry-title entry-title wpex-mb-5\"><a href=\"https:\/\/e-bike-tours.ch\/fr\/tour\/corse-lile-de-beaute\/\">Corse &#8211; l&rsquo;\u00eele de beaut\u00e9<\/a><\/div><div class=\"wpex-carousel-entry-button entry-readmore-wrap wpex-my-15 wpex-clr\"><a href=\"https:\/\/e-bike-tours.ch\/fr\/tour\/corse-lile-de-beaute\/\" class=\"entry-readmore theme-button green\" aria-label=\"Infos &amp; r\u00e9servation about Corse &#8211; l&rsquo;\u00eele de beaut\u00e9\">Infos &amp; r\u00e9servation<\/a><\/div><\/div><\/div><\/div>[\/vc_column][\/vc_row][\/vc_section]\n<\/div>","protected":false},"excerpt":{"rendered":"<p>[vc_row full_width=\u00a0\u00bbstretch_row\u00a0\u00bb css=\u00a0\u00bb.vc_custom_1750840008534{background-image: url(https:\/\/e-bike-tours.ch\/wp-content\/uploads\/2025\/03\/Gutschein-Header.jpg?id=134881) !important;background-position: center !important;background-repeat: no-repeat !important;background-size: cover !important;}\u00a0\u00bb el_class=\u00a0\u00bbwk-header\u00a0\u00bb][vc_column][\/vc_column][\/vc_row][vc_section el_class=\u00a0\u00bbwk-section\u00a0\u00bb][vc_row][vc_column][vc_column_text css=\u00a0\u00bb\u00a0\u00bb] Bon de voyage \u2013 pour allier d\u00e9tente active et plaisir! [\/vc_column_text][\/vc_column][\/vc_row][vc_row el_class=\u00a0\u00bbwk-row\u00a0\u00bb][vc_column width=\u00a0\u00bb1\/2&Prime;][vc_gallery interval=\u00a0\u00bb3&Prime; images=\u00a0\u00bb135438&Prime; img_size=\u00a0\u00bbfull\u00a0\u00bb css=\u00a0\u00bb\u00a0\u00bb][\/vc_column][vc_column width=\u00a0\u00bb1\/2&Prime;][vc_column_text css=\u00a0\u00bb\u00a0\u00bb]Une ann\u00e9e particuli\u00e8re m\u00e9rite un cadeau tout aussi sp\u00e9cial. Avec un bon cadeau de e-bike-tours.ch, vous offrez non seulement de la joie, mais&hellip;<\/p>\n","protected":false},"author":1,"featured_media":0,"parent":0,"menu_order":0,"comment_status":"closed","ping_status":"closed","template":"","meta":{"_acf_changed":false,"footnotes":""},"class_list":["post-93816","page","type-page","status-publish","hentry","entry","has-media"],"acf":[],"_links":{"self":[{"href":"https:\/\/e-bike-tours.ch\/fr\/wp-json\/wp\/v2\/pages\/93816","targetHints":{"allow":["GET"]}}],"collection":[{"href":"https:\/\/e-bike-tours.ch\/fr\/wp-json\/wp\/v2\/pages"}],"about":[{"href":"https:\/\/e-bike-tours.ch\/fr\/wp-json\/wp\/v2\/types\/page"}],"author":[{"embeddable":true,"href":"https:\/\/e-bike-tours.ch\/fr\/wp-json\/wp\/v2\/users\/1"}],"replies":[{"embeddable":true,"href":"https:\/\/e-bike-tours.ch\/fr\/wp-json\/wp\/v2\/comments?post=93816"}],"version-history":[{"count":20,"href":"https:\/\/e-bike-tours.ch\/fr\/wp-json\/wp\/v2\/pages\/93816\/revisions"}],"predecessor-version":[{"id":135446,"href":"https:\/\/e-bike-tours.ch\/fr\/wp-json\/wp\/v2\/pages\/93816\/revisions\/135446"}],"wp:attachment":[{"href":"https:\/\/e-bike-tours.ch\/fr\/wp-json\/wp\/v2\/media?parent=93816"}],"curies":[{"name":"wp","href":"https:\/\/api.w.org\/{rel}","templated":true}]}}