{"id":133845,"date":"2023-11-27T13:23:27","date_gmt":"2023-11-27T12:23:27","guid":{"rendered":"https:\/\/e-bike-tours.ch\/swiss-bike-school\/"},"modified":"2024-11-13T15:22:29","modified_gmt":"2024-11-13T14:22:29","slug":"ecole-suisse-de-cyclisme","status":"publish","type":"page","link":"https:\/\/e-bike-tours.ch\/fr\/ecole-suisse-de-cyclisme\/","title":{"rendered":"\u00c9cole suisse de cyclisme"},"content":{"rendered":"<div class=\"wpb-content-wrapper\">[vc_section el_class=\u00a0\u00bbwk-sektion\u00a0\u00bb][vc_row full_width=\u00a0\u00bbstretch_row_content_no_spaces\u00a0\u00bb css=\u00a0\u00bb.vc_custom_1701087803164{background-image: url(https:\/\/ebiketours.rokka.io\/ebiketours-full\/034b1f32714908b9d9e567314c15535d5f887637\/swiss-bike-school-lang.png?id=129939) !important;background-position: center !important;background-repeat: no-repeat !important;background-size: cover !important;}\u00a0\u00bb el_class=\u00a0\u00bbwk-header\u00a0\u00bb][vc_column][\/vc_column][\/vc_row][\/vc_section][vc_section el_class=\u00a0\u00bbwk-section\u00a0\u00bb][vc_row][vc_column][vc_column_text]\n<h1 style=\"text-align: left;\">e-Bike-tours.ch &amp; Swiss Bike School &#8211; eine starke Partnerschaft<\/h1>\n[\/vc_column_text][vc_empty_space][vc_column_text]Seit dem Sommer 2023 kooperieren wir mit der gr\u00f6ssten Bike Schule der Schweiz \u2013 der Swiss Bike School! Die renommierte Schule ist an 50 Standorten in der Schweiz pr\u00e4sent und das Team besteht aus 95 bestausgebildeten Bike-Lehrern. Bereits im Sommer und im Herbst 2023 waren die Guides der Swiss Bike School auf ausgew\u00e4hlten Reisen von e-Bike-Tours.ch im Einsatz. Die Testphase wurde erfolgreich abgeschlossen und es freut uns sehr, die Zusammenarbeit im Jahr 2024 sukzessive auszubauen.<\/p>\n<p>So werden wir auf m\u00f6glichst vielen unserer Reisen neben dem lokalen Veloreiseleiter, der die einzelnen Tagesetappen wie seine Westentasche kennt und zus\u00e4tzlich viel Spannendes \u00fcber Land, Kultur und Leute zu berichten weiss, einen Veloreiseleiter der Swiss Bike School auf unseren Reisen einsetzen. Die sympathischen Schweizer Veloreiseleiter begleiten unsere G\u00e4ste zusammen mit dem Carchauffeur auf der ganzen Reise ab\/bis Schweiz und stehen Ihnen mit vielen wichtigen Tipps und Tricks rund um das Thema e-Bike und Fahrsicherheit zur Verf\u00fcgung. Und nat\u00fcrlich sind unsere Schweizer Bike-Experten auch f\u00fcr Sie da, wenn es darum geht eine Panne oder einen kleinen Defekt zu beheben oder aber eine L\u00f6sung f\u00fcr eine unvorhergesehene Herausforderung zu finden. Der Mix mit lokal verankerten und eigener Schweizer Veloreiseleitung stellt einen echten Mehrwert f\u00fcr die G\u00e4ste von e-Bike-tours.ch dar![\/vc_column_text][vc_empty_space][\/vc_column][\/vc_row][\/vc_section][vc_row][vc_column][vc_row_inner][vc_column_inner width=\u00a0\u00bb1\/3&Prime;][vc_single_image image=\u00a0\u00bb129926&Prime; img_size=\u00a0\u00bblarge\u00a0\u00bb alignment=\u00a0\u00bbcenter\u00a0\u00bb][\/vc_column_inner][vc_column_inner width=\u00a0\u00bb2\/3&Prime;][vc_column_text css=\u00a0\u00bb\u00a0\u00bb]\n<h2>NEU: Kurs \u00ab\u00a0Fahrsicherheit e-Bike\u00a0\u00bb<\/h2>\n<h3>Die perfekte Vorbereitung f\u00fcr Ihre e-Bike-tours.ch Reise<\/h3>\n<p>&nbsp;<\/p>\n<p>Das e-Bike er\u00f6ffnet neue Horizonte. Dank Unterst\u00fctzung beim Fahren erlebt man neue Freiheiten. Doch das h\u00f6here Gewicht und die Motorenunterst\u00fctzung verlangen eine angepasste Fahrweise. Damit Sie sicher ans Ziel kommen und unsere Reisen sicher geniessen k\u00f6nnen, bieten wir in Zusammenarbeit mit der Swiss Bike School den Kurs <strong>\u00abFahrsicherheit e-Bike\u00bb<\/strong> an: Im Kurs lernen Sie alles Wichtige f\u00fcr eine sichere Fahrt auf dem e-Bike: Sicheres Anfahren und Anhalten, die richtige Bremstechnik, das Halten des Gleichgewichts, Anfahren am Berg, das Kurvenfahren sowie neue Verkehrsregeln und weitere Tipps und Tricks. Der Kurs dauert 4 Stunden. Nach einem kurzen Theorieteil zum besseren Verst\u00e4ndnis des e-Bikes gehen wir nach draussen zum \u00dcben und Machen eine kleine Tour.<\/p>\n<p><strong>N\u00e4chste Kursdaten und Veranstaltungsorte:<\/strong><br \/>\n28.09.2024 St. Gallen &#8211; Zubi St. Gallen<br \/>\n02.11.2024 St. Gallen &#8211; Zubi St. Gallen<\/p>\n<p><strong>Preis:<\/strong> Fr. 130.- pro Person[\/vc_column_text][vc_empty_space][\/vc_column_inner][\/vc_row_inner][vc_column_inner width=\u00a0\u00bb1\/3&Prime;][\/vc_column_inner][vc_column_inner width=\u00a0\u00bb2\/3&Prime;][\/vc_column_inner][\/vc_column][vc_column][vc_single_image image=\u00a0\u00bb129933&Prime; alignment=\u00a0\u00bbcenter\u00a0\u00bb onclick=\u00a0\u00bbcustom_link\u00a0\u00bb img_link_target=\u00a0\u00bb_blank\u00a0\u00bb link=\u00a0\u00bbhttps:\/\/bikeschool.ch\/kurse\/?edtag=fahrsicherheit\u00a0\u00bb][vc_empty_space][\/vc_column][\/vc_row][vc_row full_width=\u00a0\u00bbstretch_row\u00a0\u00bb el_class=\u00a0\u00bbwk-imagesection\u00a0\u00bb css=\u00a0\u00bb.vc_custom_1701082477356{background-image: url(https:\/\/ebiketours.rokka.io\/ebiketours-full\/c3b3b1531da79d1f837b51243392962423b6f28a\/swiss-bike-school-unten.png?id=129941) !important;background-position: center !important;background-repeat: no-repeat !important;background-size: cover !important;}\u00a0\u00bb][vc_column][\/vc_column][\/vc_row][vc_column][\/vc_column][vc_column width=\u00a0\u00bb2\/3&Prime;][\/vc_column]\n<\/div>","protected":false},"excerpt":{"rendered":"<p>[vc_section el_class=\u00a0\u00bbwk-sektion\u00a0\u00bb][vc_row full_width=\u00a0\u00bbstretch_row_content_no_spaces\u00a0\u00bb css=\u00a0\u00bb.vc_custom_1701087803164{background-image: url(https:\/\/ebiketours.rokka.io\/ebiketours-full\/034b1f32714908b9d9e567314c15535d5f887637\/swiss-bike-school-lang.png?id=129939) !important;background-position: center !important;background-repeat: no-repeat !important;background-size: cover !important;}\u00a0\u00bb el_class=\u00a0\u00bbwk-header\u00a0\u00bb][vc_column][\/vc_column][\/vc_row][\/vc_section][vc_section el_class=\u00a0\u00bbwk-section\u00a0\u00bb][vc_row][vc_column][vc_column_text] e-Bike-tours.ch &amp; Swiss Bike School &#8211; eine starke Partnerschaft [\/vc_column_text][vc_empty_space][vc_column_text]Seit dem Sommer 2023 kooperieren wir mit der gr\u00f6ssten Bike Schule der Schweiz \u2013 der Swiss Bike School! Die renommierte Schule ist an 50 Standorten in der Schweiz pr\u00e4sent und das Team&hellip;<\/p>\n","protected":false},"author":15,"featured_media":0,"parent":0,"menu_order":0,"comment_status":"closed","ping_status":"closed","template":"","meta":{"_acf_changed":false,"footnotes":""},"class_list":["post-133845","page","type-page","status-publish","hentry","entry","no-media"],"acf":[],"_links":{"self":[{"href":"https:\/\/e-bike-tours.ch\/fr\/wp-json\/wp\/v2\/pages\/133845","targetHints":{"allow":["GET"]}}],"collection":[{"href":"https:\/\/e-bike-tours.ch\/fr\/wp-json\/wp\/v2\/pages"}],"about":[{"href":"https:\/\/e-bike-tours.ch\/fr\/wp-json\/wp\/v2\/types\/page"}],"author":[{"embeddable":true,"href":"https:\/\/e-bike-tours.ch\/fr\/wp-json\/wp\/v2\/users\/15"}],"replies":[{"embeddable":true,"href":"https:\/\/e-bike-tours.ch\/fr\/wp-json\/wp\/v2\/comments?post=133845"}],"version-history":[{"count":2,"href":"https:\/\/e-bike-tours.ch\/fr\/wp-json\/wp\/v2\/pages\/133845\/revisions"}],"predecessor-version":[{"id":133847,"href":"https:\/\/e-bike-tours.ch\/fr\/wp-json\/wp\/v2\/pages\/133845\/revisions\/133847"}],"wp:attachment":[{"href":"https:\/\/e-bike-tours.ch\/fr\/wp-json\/wp\/v2\/media?parent=133845"}],"curies":[{"name":"wp","href":"https:\/\/api.w.org\/{rel}","templated":true}]}}