{"id":123016,"date":"2024-11-14T15:47:06","date_gmt":"2024-11-14T14:47:06","guid":{"rendered":"https:\/\/e-bike-tours.ch\/?page_id=123016"},"modified":"2024-11-18T17:11:12","modified_gmt":"2024-11-18T16:11:12","slug":"fonds-de-garantie-voyage","status":"publish","type":"page","link":"https:\/\/e-bike-tours.ch\/fr\/sur-nos-voyages\/fonds-de-garantie-voyage\/","title":{"rendered":"Fonds de garantie Voyage"},"content":{"rendered":"<div class=\"wpb-content-wrapper\">[vc_section][vc_row full_width=\u00a0\u00bbstretch_row_content_no_spaces\u00a0\u00bb css=\u00a0\u00bb.vc_custom_1574069175094{background-image: url(https:\/\/car-tours.ch\/wp-content\/uploads\/2019\/11\/Reisegarantie-2000&#215;400.jpg?id=94315) !important;background-position: center !important;background-repeat: no-repeat !important;background-size: cover !important;}\u00a0\u00bb el_class=\u00a0\u00bbwk-header\u00a0\u00bb][vc_column][\/vc_column][\/vc_row][\/vc_section][vc_section el_class=\u00a0\u00bbwk-section\u00a0\u00bb][vc_row][vc_column width=\u00a0\u00bb2\/3&Prime;][vc_column_text]\n<h1>Fonds de garantie Voyage<\/h1>\n[\/vc_column_text][\/vc_column][vc_column width=\u00a0\u00bb1\/3&Prime;][\/vc_column][\/vc_row][vc_row el_class=\u00a0\u00bbwk-row\u00a0\u00bb][vc_column width=\u00a0\u00bb2\/3&Prime;][vc_column_text]Lorsque vous r\u00e9servez un voyage ou un s\u00e9jour \u00e0 forfait \u2013 et non simplement une prestation individuelle \u2013, assurez-vous qu\u2019il b\u00e9n\u00e9ficie du label de qualit\u00e9 <strong>\u00abGarantie de voyage\u00bb<\/strong>, la couverture avec un vrai plus gratuit.<\/p>\n<p><a href=\"http:\/\/e-bike-tours.ch\/\">e-Bike-tours.ch<\/a> est membre du Fonds de garantie de la branche suisse du voyage. Ainsi, les montants vers\u00e9s pour votre voyage sont garantis \u00e0 100%, conform\u00e9ment \u00e0 la r\u00e9glementation l\u00e9gale en vigueur.<\/p>\n<p>Le Fonds de garantie a \u00e9t\u00e9 cr\u00e9\u00e9 par la F\u00e9d\u00e9ration Suisse des Agences de Voyages (FSAV) avec le soutien des plus grands voyagistes, sous la forme d\u2019une fondation ind\u00e9pendante. Le Conseil de fondation se compose de sept repr\u00e9sentants d\u2019entreprises de voyages aux profils multiples en termes de tailles, de secteurs et de r\u00e9gions suisses, ainsi que d\u2019autres conseillers. Le Fonds de garantie est financ\u00e9 par les cotisations de ses participant(e)s et par le rendement des placements.<\/p>\n<p>Pr\u00e8s de 1400 voyagistes ou agents suisses et liechtensteinois proposant des voyages \u00e0 forfait participent au Fonds de garantie. Ils remplissent les exigences fix\u00e9es par la fondation en mati\u00e8re de comp\u00e9tence professionnelle et de solvabilit\u00e9. Sur\u00a0<a href=\"https:\/\/www.garantiefonds.ch\/fr\/\" target=\"_blank\" rel=\"noopener\">www.garantiefonds.ch<\/a>, vous trouverez une liste compl\u00e8te et actualis\u00e9e des agents et voyagistes participants, et d\u2019autres informations sur le Fonds de garantie Voyage.[\/vc_column_text][\/vc_column][vc_column width=\u00a0\u00bb1\/3&Prime;]<figure class=\"vcex-image vcex-module\"><div class=\"vcex-image-inner wpex-relative wpex-inline-block\"><img width=\"390\" height=\"102\" src=\"https:\/\/ebiketours.rokka.io\/ebiketours-full\/b6325d447b5cff17b4c1e9ca68ee3b7356162fe6\/logo-garantie-de-voyage-cmyk.jpg\" class=\"vcex-image-img wpex-align-middle\" alt=\"\" loading=\"lazy\" decoding=\"async\" srcset=\"https:\/\/ebiketours.rokka.io\/ebiketours-full\/b6325d447b5cff17b4c1e9ca68ee3b7356162fe6\/logo-garantie-de-voyage-cmyk.jpg 390w, https:\/\/ebiketours.rokka.io\/ebiketours-medium\/b6325d447b5cff17b4c1e9ca68ee3b7356162fe6\/logo-garantie-de-voyage-cmyk-300x78.jpg 300w\" sizes=\"auto, (max-width: 390px) 100vw, 390px\"><\/div><\/figure>[\/vc_column][\/vc_row][\/vc_section]\n<\/div>","protected":false},"excerpt":{"rendered":"<p>[vc_section][vc_row full_width=\u00a0\u00bbstretch_row_content_no_spaces\u00a0\u00bb css=\u00a0\u00bb.vc_custom_1574069175094{background-image: url(https:\/\/car-tours.ch\/wp-content\/uploads\/2019\/11\/Reisegarantie-2000&#215;400.jpg?id=94315) !important;background-position: center !important;background-repeat: no-repeat !important;background-size: cover !important;}\u00a0\u00bb el_class=\u00a0\u00bbwk-header\u00a0\u00bb][vc_column][\/vc_column][\/vc_row][\/vc_section][vc_section el_class=\u00a0\u00bbwk-section\u00a0\u00bb][vc_row][vc_column width=\u00a0\u00bb2\/3&Prime;][vc_column_text] Fonds de garantie Voyage [\/vc_column_text][\/vc_column][vc_column width=\u00a0\u00bb1\/3&Prime;][\/vc_column][\/vc_row][vc_row el_class=\u00a0\u00bbwk-row\u00a0\u00bb][vc_column width=\u00a0\u00bb2\/3&Prime;][vc_column_text]Lorsque vous r\u00e9servez un voyage ou un s\u00e9jour \u00e0 forfait \u2013 et non simplement une prestation individuelle \u2013, assurez-vous qu\u2019il b\u00e9n\u00e9ficie du label de qualit\u00e9 \u00abGarantie de voyage\u00bb, la couverture avec un vrai plus&hellip;<\/p>\n","protected":false},"author":2,"featured_media":0,"parent":93956,"menu_order":0,"comment_status":"closed","ping_status":"closed","template":"","meta":{"_acf_changed":false,"footnotes":""},"class_list":["post-123016","page","type-page","status-publish","hentry","entry","no-media"],"acf":[],"_links":{"self":[{"href":"https:\/\/e-bike-tours.ch\/fr\/wp-json\/wp\/v2\/pages\/123016","targetHints":{"allow":["GET"]}}],"collection":[{"href":"https:\/\/e-bike-tours.ch\/fr\/wp-json\/wp\/v2\/pages"}],"about":[{"href":"https:\/\/e-bike-tours.ch\/fr\/wp-json\/wp\/v2\/types\/page"}],"author":[{"embeddable":true,"href":"https:\/\/e-bike-tours.ch\/fr\/wp-json\/wp\/v2\/users\/2"}],"replies":[{"embeddable":true,"href":"https:\/\/e-bike-tours.ch\/fr\/wp-json\/wp\/v2\/comments?post=123016"}],"version-history":[{"count":4,"href":"https:\/\/e-bike-tours.ch\/fr\/wp-json\/wp\/v2\/pages\/123016\/revisions"}],"predecessor-version":[{"id":134108,"href":"https:\/\/e-bike-tours.ch\/fr\/wp-json\/wp\/v2\/pages\/123016\/revisions\/134108"}],"up":[{"embeddable":true,"href":"https:\/\/e-bike-tours.ch\/fr\/wp-json\/wp\/v2\/pages\/93956"}],"wp:attachment":[{"href":"https:\/\/e-bike-tours.ch\/fr\/wp-json\/wp\/v2\/media?parent=123016"}],"curies":[{"name":"wp","href":"https:\/\/api.w.org\/{rel}","templated":true}]}}