{"id":113073,"date":"2020-09-17T13:56:12","date_gmt":"2020-09-17T11:56:12","guid":{"rendered":"https:\/\/car-tours.ch\/?page_id=113073"},"modified":"2025-03-24T15:51:35","modified_gmt":"2025-03-24T14:51:35","slug":"il-suffit-de-reserver","status":"publish","type":"page","link":"https:\/\/e-bike-tours.ch\/fr\/sur-nos-voyages\/il-suffit-de-reserver\/","title":{"rendered":"Il suffit de r\u00e9server"},"content":{"rendered":"<div class=\"wpb-content-wrapper\">[vc_section][vc_row full_width=\u00a0\u00bbstretch_row_content_no_spaces\u00a0\u00bb css=\u00a0\u00bb.vc_custom_1742827890071{background-image: url(https:\/\/e-bike-tours.ch\/wp-content\/uploads\/2025\/03\/Header-Beratung.jpg?id=134903) !important;background-position: center !important;background-repeat: no-repeat !important;background-size: cover !important;}\u00a0\u00bb el_class=\u00a0\u00bbwk-header\u00a0\u00bb][vc_column][\/vc_column][\/vc_row][\/vc_section][vc_section el_class=\u00a0\u00bbwk-section\u00a0\u00bb][vc_row][vc_column][vc_column_text]\n<h1>R\u00e9servations<\/h1>\n<p>Nous vendons tous nos voyages sans interm\u00e9diaire, donc sans frais additionnels, par Internet ou par t\u00e9l\u00e9phone. Vous pouvez ainsi r\u00e9server votre voyage sans bouger de chez vous tout en b\u00e9n\u00e9ficiant de prix vraiment bas![\/vc_column_text][\/vc_column][\/vc_row][\/vc_section][vc_section full_width=\u00a0\u00bbstretch_row\u00a0\u00bb el_class=\u00a0\u00bbwk-section\u00a0\u00bb][vc_row equal_height=\u00a0\u00bbyes\u00a0\u00bb][vc_column width=\u00a0\u00bb1\/5&Prime; el_class=\u00a0\u00bbicon-in-the-middle-vertically\u00a0\u00bb]<style>.vcex-icon.vcex_69ebec0600d6c .vcex-icon-wrap{color:#2b3d51;}<\/style><div class=\"vcex-icon vcex-module vcex-icon-large wpex-float-left wpex-mr-20 vcex_69ebec0600d6c\"><div class=\"vcex-icon-wrap wpex-inline-flex wpex-items-center wpex-justify-center wpex-leading-none\"><span class=\"wpex-icon\" aria-hidden=\"true\"><svg xmlns=\"http:\/\/www.w3.org\/2000\/svg\" viewBox=\"0 0 448 512\"><path d=\"M152 24c0-13.3-10.7-24-24-24s-24 10.7-24 24V64H64C28.7 64 0 92.7 0 128v16 48V448c0 35.3 28.7 64 64 64H384c35.3 0 64-28.7 64-64V192 144 128c0-35.3-28.7-64-64-64H344V24c0-13.3-10.7-24-24-24s-24 10.7-24 24V64H152V24zM48 192h80v56H48V192zm0 104h80v64H48V296zm128 0h96v64H176V296zm144 0h80v64H320V296zm80-48H320V192h80v56zm0 160v40c0 8.8-7.2 16-16 16H320V408h80zm-128 0v56H176V408h96zm-144 0v56H64c-8.8 0-16-7.2-16-16V408h80zM272 248H176V192h96v56z\"\/><\/svg><\/span><\/div><\/div>[\/vc_column][vc_column width=\u00a0\u00bb2\/5&Prime;][vc_column_text]\n<h3>R\u00e9servation par Internet:<\/h3>\n<p>L\u2019Internet comme outil de r\u00e9servation est en plein essor. Surfez \u00e0 toute heure et \u00e0 votre guise sur le site e-Bike-tours.ch et r\u00e9servez votre voyage via Internet en toute simplicit\u00e9. Cerise sur le g\u00e2teau: en cas de r\u00e9servation par Internet, les frais de r\u00e9servation de Fr. 24.\u2013 sont r\u00e9duits \u00e0 z\u00e9ro![\/vc_column_text][\/vc_column][vc_column width=\u00a0\u00bb2\/5&Prime;][vc_column_text]\n<h3>R\u00e9servation par t\u00e9l\u00e9phone:<\/h3>\n<p>Nos \u00e9quipes comp\u00e9tentes vous fournissent des conseils d\u00e9taill\u00e9s par t\u00e9l\u00e9phone et nos conseillers en voyages qualifi\u00e9s se feront un plaisir d\u2019enregistrer votre r\u00e9servation au num\u00e9ro <a href=\"tel:+41848007766\">0848 00 77 66<\/a> (depuis l\u2019\u00e9tranger: <a href=\"tel:+41447353008\">0041 44 735 30 08<\/a>).[\/vc_column_text][\/vc_column][\/vc_row][\/vc_section][vc_section full_width=\u00a0\u00bbstretch_row\u00a0\u00bb el_class=\u00a0\u00bbwk-section-color with-paddings top-arrow-section white\u00a0\u00bb][vc_row full_width=\u00a0\u00bbstretch_row\u00a0\u00bb equal_height=\u00a0\u00bbyes\u00a0\u00bb][vc_column width=\u00a0\u00bb1\/5&Prime; el_class=\u00a0\u00bbicon-in-the-middle-vertically\u00a0\u00bb]<style>.vcex-icon.vcex_69ebec0601306 .vcex-icon-wrap{color:#2b3d51;}<\/style><div class=\"vcex-icon vcex-module vcex-icon-large wpex-float-left wpex-mr-20 vcex_69ebec0601306\"><div class=\"vcex-icon-wrap wpex-inline-flex wpex-items-center wpex-justify-center wpex-leading-none\"><span class=\"wpex-icon\" aria-hidden=\"true\"><svg xmlns=\"http:\/\/www.w3.org\/2000\/svg\" viewBox=\"0 0 512 512\"><path d=\"M64 112c-8.8 0-16 7.2-16 16v22.1L220.5 291.7c20.7 17 50.4 17 71.1 0L464 150.1V128c0-8.8-7.2-16-16-16H64zM48 212.2V384c0 8.8 7.2 16 16 16H448c8.8 0 16-7.2 16-16V212.2L322 328.8c-38.4 31.5-93.7 31.5-132 0L48 212.2zM0 128C0 92.7 28.7 64 64 64H448c35.3 0 64 28.7 64 64V384c0 35.3-28.7 64-64 64H64c-35.3 0-64-28.7-64-64V128z\"\/><\/svg><\/span><\/div><\/div>[\/vc_column][vc_column width=\u00a0\u00bb2\/5&Prime;][vc_column_text]\n<h3>Confirmation\/facture:<\/h3>\n<p>Pour toute r\u00e9servation, la confirmation\/facture de voyage re\u00e7ue par courrier ou par e-mail fait foi. Vous disposez de 5 jours ouvrables \u00e0 compter de la date d\u2019\u00e9mission de la facture\/confirmation pour annuler votre r\u00e9servation gratuitement. Cette r\u00e8gle ne s\u2019applique pas aux r\u00e9servations effectu\u00e9es moins de 31 jours avant le d\u00e9part, ni \u00e0 celles qui requi\u00e8rent une demande sp\u00e9ciale aupr\u00e8s du prestataire de services (sauf r\u00e9servations contingent\u00e9es).[\/vc_column_text][\/vc_column][vc_column width=\u00a0\u00bb2\/5&Prime;][vc_column_text]\n<h3>R\u00e8glement de la facture:<\/h3>\n<p>Un acompte de 30% du prix de l\u2019arrangement est d\u00fb \u00e0 la r\u00e9ception de la confirmation \u00e9crite du s\u00e9jour. Le solde est d\u00fb 30 jours avant le d\u00e9part. Vous pouvez r\u00e9gler la facture avec les moyens de paiement suivants:<\/p>\n<ul>\n<li>Bulletin de versement<\/li>\n<li>Banque en ligne<\/li>\n<li>Carte de cr\u00e9dit (Visa et Mastercard)<\/li>\n<li><a href=\"\/fr\/sur-nos-voyages\/economisez-encore-plus-reka\/\" target=\"_blank\" rel=\"noopener\">Carte Reka<\/a><\/li>\n<li><a href=\"\/fr\/sur-nos-voyages\/economisez-encore-plus-reka\/\" target=\"_blank\" rel=\"noopener\">Ch\u00e8ques Reka<\/a><\/li>\n<\/ul>\n[\/vc_column_text][\/vc_column][\/vc_row][\/vc_section][vc_section full_width=\u00a0\u00bbstretch_row\u00a0\u00bb el_class=\u00a0\u00bbwk-section top-arrow-section grey\u00a0\u00bb][vc_row equal_height=\u00a0\u00bbyes\u00a0\u00bb][vc_column width=\u00a0\u00bb1\/5&Prime; el_class=\u00a0\u00bbicon-in-the-middle-vertically\u00a0\u00bb]<style>.vcex-icon.vcex_69ebec06015c1 .vcex-icon-wrap{color:#2b3d51;}<\/style><div class=\"vcex-icon vcex-module vcex-icon-large wpex-float-left wpex-mr-20 vcex_69ebec06015c1\"><div class=\"vcex-icon-wrap wpex-inline-flex wpex-items-center wpex-justify-center wpex-leading-none\"><span class=\"wpex-icon\" aria-hidden=\"true\"><svg xmlns=\"http:\/\/www.w3.org\/2000\/svg\" viewBox=\"0 0 512 512\"><path d=\"M225.8 468.2l-2.5-2.3L48.1 303.2C17.4 274.7 0 234.7 0 192.8v-3.3c0-70.4 50-130.8 119.2-144C158.6 37.9 198.9 47 231 69.6c9 6.4 17.4 13.8 25 22.3c4.2-4.8 8.7-9.2 13.5-13.3c3.7-3.2 7.5-6.2 11.5-9c0 0 0 0 0 0C313.1 47 353.4 37.9 392.8 45.4C462 58.6 512 119.1 512 189.5v3.3c0 41.9-17.4 81.9-48.1 110.4L288.7 465.9l-2.5 2.3c-8.2 7.6-19 11.9-30.2 11.9s-22-4.2-30.2-11.9zM239.1 145c-.4-.3-.7-.7-1-1.1l-17.8-20c0 0-.1-.1-.1-.1c0 0 0 0 0 0c-23.1-25.9-58-37.7-92-31.2C81.6 101.5 48 142.1 48 189.5v3.3c0 28.5 11.9 55.8 32.8 75.2L256 430.7 431.2 268c20.9-19.4 32.8-46.7 32.8-75.2v-3.3c0-47.3-33.6-88-80.1-96.9c-34-6.5-69 5.4-92 31.2c0 0 0 0-.1 .1s0 0-.1 .1l-17.8 20c-.3 .4-.7 .7-1 1.1c-4.5 4.5-10.6 7-16.9 7s-12.4-2.5-16.9-7z\"\/><\/svg><\/span><\/div><\/div>[\/vc_column][vc_column width=\u00a0\u00bb2\/5&Prime;][vc_column_text]\n<h3>Documents et dossier de voyage:<\/h3>\n<p>Votre dossier de voyage et le programme d\u00e9finitif vont seront envoy\u00e9s au plus tard environ 10 jours avant le d\u00e9part.[\/vc_column_text][\/vc_column][vc_column width=\u00a0\u00bb2\/5&Prime;][vc_column_text]\n<h3>Un seul mot d\u2019ordre:<\/h3>\n<p>\u00abEmbarquez et profitez de votre s\u00e9jour\u00bb. Bien entendu, nous restons \u00e0 vos c\u00f4t\u00e9s pendant et apr\u00e8s votre voyage pour vous conseiller et vous assister.[\/vc_column_text][\/vc_column][\/vc_row][\/vc_section][vc_section full_width=\u00a0\u00bbstretch_row\u00a0\u00bb el_class=\u00a0\u00bbwk-section-color with-paddings top-arrow-section white\u00a0\u00bb][vc_row full_width=\u00a0\u00bbstretch_row\u00a0\u00bb equal_height=\u00a0\u00bbyes\u00a0\u00bb][vc_column width=\u00a0\u00bb1\/5&Prime; el_class=\u00a0\u00bbicon-in-the-middle-vertically\u00a0\u00bb]<style>.vcex-icon.vcex_69ebec0601857 .vcex-icon-wrap{color:#2b3d51;}<\/style><div class=\"vcex-icon vcex-module vcex-icon-large wpex-float-left wpex-mr-20 vcex_69ebec0601857\"><div class=\"vcex-icon-wrap wpex-inline-flex wpex-items-center wpex-justify-center wpex-leading-none\"><span class=\"wpex-icon\" aria-hidden=\"true\"><svg xmlns=\"http:\/\/www.w3.org\/2000\/svg\" viewBox=\"0 0 512 512\"><path d=\"M323.8 34.8c-38.2-10.9-78.1 11.2-89 49.4l-5.7 20c-3.7 13-10.4 25-19.5 35l-51.3 56.4c-8.9 9.8-8.2 25 1.6 33.9s25 8.2 33.9-1.6l51.3-56.4c14.1-15.5 24.4-34 30.1-54.1l5.7-20c3.6-12.7 16.9-20.1 29.7-16.5s20.1 16.9 16.5 29.7l-5.7 20c-5.7 19.9-14.7 38.7-26.6 55.5c-5.2 7.3-5.8 16.9-1.7 24.9s12.3 13 21.3 13L448 224c8.8 0 16 7.2 16 16c0 6.8-4.3 12.7-10.4 15c-7.4 2.8-13 9-14.9 16.7s.1 15.8 5.3 21.7c2.5 2.8 4 6.5 4 10.6c0 7.8-5.6 14.3-13 15.7c-8.2 1.6-15.1 7.3-18 15.2s-1.6 16.7 3.6 23.3c2.1 2.7 3.4 6.1 3.4 9.9c0 6.7-4.2 12.6-10.2 14.9c-11.5 4.5-17.7 16.9-14.4 28.8c.4 1.3 .6 2.8 .6 4.3c0 8.8-7.2 16-16 16H286.5c-12.6 0-25-3.7-35.5-10.7l-61.7-41.1c-11-7.4-25.9-4.4-33.3 6.7s-4.4 25.9 6.7 33.3l61.7 41.1c18.4 12.3 40 18.8 62.1 18.8H384c34.7 0 62.9-27.6 64-62c14.6-11.7 24-29.7 24-50c0-4.5-.5-8.8-1.3-13c15.4-11.7 25.3-30.2 25.3-51c0-6.5-1-12.8-2.8-18.7C504.8 273.7 512 257.7 512 240c0-35.3-28.6-64-64-64l-92.3 0c4.7-10.4 8.7-21.2 11.8-32.2l5.7-20c10.9-38.2-11.2-78.1-49.4-89zM32 192c-17.7 0-32 14.3-32 32V448c0 17.7 14.3 32 32 32H96c17.7 0 32-14.3 32-32V224c0-17.7-14.3-32-32-32H32z\"\/><\/svg><\/span><\/div><\/div>[\/vc_column][vc_column width=\u00a0\u00bb2\/5&Prime;][vc_column_text]\n<h3>Vous pouvez compter sur nous!<\/h3>\n<p>Nos clients sont des clients satisfaits! Et en cas d\u2019impr\u00e9vu, nous avons tout pr\u00e9vu: chez e-Bike-tours.ch, nous sommes tr\u00e8s conciliants!<\/p>\n<p>Nous vous souhaitons d\u2019excellentes vacances et plein de moments de plaisir lors de vos voyages de groupe.[\/vc_column_text][\/vc_column][vc_column width=\u00a0\u00bb2\/5&Prime;][\/vc_column][\/vc_row][\/vc_section]\n<\/div>","protected":false},"excerpt":{"rendered":"<p>[vc_section][vc_row full_width=\u00a0\u00bbstretch_row_content_no_spaces\u00a0\u00bb css=\u00a0\u00bb.vc_custom_1742827890071{background-image: url(https:\/\/e-bike-tours.ch\/wp-content\/uploads\/2025\/03\/Header-Beratung.jpg?id=134903) !important;background-position: center !important;background-repeat: no-repeat !important;background-size: cover !important;}\u00a0\u00bb el_class=\u00a0\u00bbwk-header\u00a0\u00bb][vc_column][\/vc_column][\/vc_row][\/vc_section][vc_section el_class=\u00a0\u00bbwk-section\u00a0\u00bb][vc_row][vc_column][vc_column_text] R\u00e9servations Nous vendons tous nos voyages sans interm\u00e9diaire, donc sans frais additionnels, par Internet ou par t\u00e9l\u00e9phone. Vous pouvez ainsi r\u00e9server votre voyage sans bouger de chez vous tout en b\u00e9n\u00e9ficiant de prix vraiment bas![\/vc_column_text][\/vc_column][\/vc_row][\/vc_section][vc_section full_width=\u00a0\u00bbstretch_row\u00a0\u00bb el_class=\u00a0\u00bbwk-section\u00a0\u00bb][vc_row equal_height=\u00a0\u00bbyes\u00a0\u00bb][vc_column width=\u00a0\u00bb1\/5&Prime; el_class=\u00a0\u00bbicon-in-the-middle-vertically\u00a0\u00bb][\/vc_column][vc_column width=\u00a0\u00bb2\/5&Prime;][vc_column_text] R\u00e9servation&hellip;<\/p>\n","protected":false},"author":1,"featured_media":0,"parent":93956,"menu_order":0,"comment_status":"closed","ping_status":"closed","template":"","meta":{"_acf_changed":false,"footnotes":""},"class_list":["post-113073","page","type-page","status-publish","hentry","entry","no-media"],"acf":[],"_links":{"self":[{"href":"https:\/\/e-bike-tours.ch\/fr\/wp-json\/wp\/v2\/pages\/113073","targetHints":{"allow":["GET"]}}],"collection":[{"href":"https:\/\/e-bike-tours.ch\/fr\/wp-json\/wp\/v2\/pages"}],"about":[{"href":"https:\/\/e-bike-tours.ch\/fr\/wp-json\/wp\/v2\/types\/page"}],"author":[{"embeddable":true,"href":"https:\/\/e-bike-tours.ch\/fr\/wp-json\/wp\/v2\/users\/1"}],"replies":[{"embeddable":true,"href":"https:\/\/e-bike-tours.ch\/fr\/wp-json\/wp\/v2\/comments?post=113073"}],"version-history":[{"count":20,"href":"https:\/\/e-bike-tours.ch\/fr\/wp-json\/wp\/v2\/pages\/113073\/revisions"}],"predecessor-version":[{"id":134907,"href":"https:\/\/e-bike-tours.ch\/fr\/wp-json\/wp\/v2\/pages\/113073\/revisions\/134907"}],"up":[{"embeddable":true,"href":"https:\/\/e-bike-tours.ch\/fr\/wp-json\/wp\/v2\/pages\/93956"}],"wp:attachment":[{"href":"https:\/\/e-bike-tours.ch\/fr\/wp-json\/wp\/v2\/media?parent=113073"}],"curies":[{"name":"wp","href":"https:\/\/api.w.org\/{rel}","templated":true}]}}