{"id":106908,"date":"2020-06-04T09:24:08","date_gmt":"2020-06-04T07:24:08","guid":{"rendered":"https:\/\/car-tours.ch\/?page_id=106908"},"modified":"2020-06-04T09:39:08","modified_gmt":"2020-06-04T07:39:08","slug":"reporter-au-lieu-dannuler","status":"publish","type":"page","link":"https:\/\/e-bike-tours.ch\/fr\/blog-de-voyage\/reporter-au-lieu-dannuler\/","title":{"rendered":"Reporter au lieu d\u2019annuler"},"content":{"rendered":"<div class=\"wpb-content-wrapper\">[vc_section full_width=\u00a0\u00bbstretch_row\u00a0\u00bb el_class=\u00a0\u00bbwk-header\u00a0\u00bb css=\u00a0\u00bb.vc_custom_1588852506606{background-image: url(https:\/\/car-tours.ch\/wp-content\/uploads\/2020\/05\/Wer-reisen-liebt-verschiebt-mit-paar_2000x400-optimised-scaled.jpg?id=99383) !important;background-position: center !important;background-repeat: no-repeat !important;background-size: contain !important;}\u00a0\u00bb wpex_bg_position=\u00a0\u00bbtop center\u00a0\u00bb][vc_row full_width=\u00a0\u00bbstretch_row_content_no_spaces\u00a0\u00bb el_class=\u00a0\u00bbwk-searchform-box-on-banner\u00a0\u00bb wpex_bg_position=\u00a0\u00bbtop center\u00a0\u00bb][vc_column][\/vc_column][\/vc_row][\/vc_section][vc_section el_class=\u00a0\u00bbwk-section\u00a0\u00bb][vc_row column_spacing=\u00a0\u00bb0px\u00a0\u00bb][vc_column][vc_column_text]\n<h1>Reporter au lieu d\u2019annuler<\/h1>\n[\/vc_column_text][\/vc_column][\/vc_row][\/vc_section][vc_section el_class=\u00a0\u00bbwk-section\u00a0\u00bb][vc_row][vc_column width=\u00a0\u00bb1\/2&Prime;][vc_column_text]\n<h3>Merci beaucoup pour votre re-r\u00e9servation!<\/h3>\n<p>Le report n&rsquo;est pas annul\u00e9 ! Avec votre re-r\u00e9servation ou votre conversion en bon de voyage, vous continuez \u00e0 r\u00eaver votre r\u00eave de voyage et soutenez les voyagistes suisses avec vos partenaires de service dans le monde entier!<\/p>\n<p>Nous attendons vos commentaires et vous remercions avec un tirage au sort mensuel de 10 bons de voyage d&rsquo;une valeur de 250,00 CHF![\/vc_column_text][vc_empty_space]<a href=\"https:\/\/car-tours.ch\/fr\/blog-de-voyage\/reporter-le-commentaire-au-lieu-de-lannuler\/\" class=\"vcex-button theme-button red inline\" target=\"_blank\" rel=\"noopener\"><span class=\"vcex-button-inner theme-button-inner wpex-flex wpex-flex-wrap wpex-items-center wpex-justify-center\">Poster un commentaire maintenant<\/span><\/a> [\/vc_column][vc_column width=\u00a0\u00bb1\/2&Prime;][vc_video link=\u00a0\u00bbhttps:\/\/www.youtube.com\/watch?v=E0zk-pC6HVw\u00a0\u00bb][\/vc_column][\/vc_row][\/vc_section][vc_section el_class=\u00a0\u00bbwk-section\u00a0\u00bb][vc_row][vc_column width=\u00a0\u00bb2\/3&Prime;][vc_column_text]\n<h3>Vous pouvez lire ici les derniers commentaires de nos invit\u00e9s et nos conseils<\/h3>\n[\/vc_column_text][vc_empty_space][vc_column_text]\n    <div id=\"obwk-travellog-posts-list-bGltaXQyMG5vX3BhZ2lu\" class=\"obwk-travellog-posts-list\">\n        Pour le moment, nous n\u2019avons pas de r\u00e9cit de voyages pour cette destination. <a href=\"https:\/\/e-bike-tours.ch\/fr\/blog-de-voyage\/\">Pour voir tous les r\u00e9cit de voyages, cliquez ici<\/a>\n        <div style=\"clear: both;\"><\/div>\n    <\/div>[\/vc_column_text][\/vc_column][vc_column width=\u00a0\u00bb1\/3&Prime; el_class=\u00a0\u00bbcartours-right-column-with-posts-filter\u00a0\u00bb]\n    <div class=\"cartours-event-coloured-box cartours-rb-widget-box\">\n        <div class=\"inner-box \">\n    <div class=\"inner-header\">\n        <h3>Cat\u00e9gories du blog<\/h3>\n            <\/div>\n    <div class=\"inner-content\">\n        <ul class=\"obwk-wp-list-categories\">\t<li class=\"cat-item cat-item-436\"><a href=\"https:\/\/e-bike-tours.ch\/fr\/blog-de-voyage\/idees-de-voyage\/\">Id\u00e9es de voyage<\/a> <span class=\"cat-count-span wpex-float-right\">3<\/span>\n<\/li>\n\t<li class=\"cat-item cat-item-434\"><a href=\"https:\/\/e-bike-tours.ch\/fr\/blog-de-voyage\/vu-de-linterieur\/\">Vu de l\u2019int\u00e9rieur<\/a> <span class=\"cat-count-span wpex-float-right\">2<\/span>\n<\/li>\n<\/ul>        <div style=\"clear: both;\"><\/div>\n    <\/div>\n<\/div>\n    <\/div>\n    <div class=\"cartours-event-coloured-box cartours-rb-widget-box\">\n        <div class=\"inner-box \">\n    <div class=\"inner-header\">\n        <h3>Tags dans cette cat\u00e9gorie<\/h3>\n            <\/div>\n    <div class=\"inner-content\">\n                <div style=\"clear: both;\"><\/div>\n    <\/div>\n<\/div>\n    <\/div>[\/vc_column][\/vc_row][\/vc_section]\n<\/div>","protected":false},"excerpt":{"rendered":"<p>[vc_section full_width=\u00a0\u00bbstretch_row\u00a0\u00bb el_class=\u00a0\u00bbwk-header\u00a0\u00bb css=\u00a0\u00bb.vc_custom_1588852506606{background-image: url(https:\/\/car-tours.ch\/wp-content\/uploads\/2020\/05\/Wer-reisen-liebt-verschiebt-mit-paar_2000x400-optimised-scaled.jpg?id=99383) !important;background-position: center !important;background-repeat: no-repeat !important;background-size: contain !important;}\u00a0\u00bb wpex_bg_position=\u00a0\u00bbtop center\u00a0\u00bb][vc_row full_width=\u00a0\u00bbstretch_row_content_no_spaces\u00a0\u00bb el_class=\u00a0\u00bbwk-searchform-box-on-banner\u00a0\u00bb wpex_bg_position=\u00a0\u00bbtop center\u00a0\u00bb][vc_column][\/vc_column][\/vc_row][\/vc_section][vc_section el_class=\u00a0\u00bbwk-section\u00a0\u00bb][vc_row column_spacing=\u00a0\u00bb0px\u00a0\u00bb][vc_column][vc_column_text] Reporter au lieu d\u2019annuler [\/vc_column_text][\/vc_column][\/vc_row][\/vc_section][vc_section el_class=\u00a0\u00bbwk-section\u00a0\u00bb][vc_row][vc_column width=\u00a0\u00bb1\/2&Prime;][vc_column_text] Merci beaucoup pour votre re-r\u00e9servation! Le report n&rsquo;est pas annul\u00e9 ! Avec votre re-r\u00e9servation ou votre conversion en bon de voyage, vous continuez \u00e0 r\u00eaver votre r\u00eave de&hellip;<\/p>\n","protected":false},"author":1,"featured_media":0,"parent":59650,"menu_order":0,"comment_status":"closed","ping_status":"closed","template":"","meta":{"_acf_changed":false,"footnotes":""},"class_list":["post-106908","page","type-page","status-publish","hentry","entry","no-media"],"acf":[],"_links":{"self":[{"href":"https:\/\/e-bike-tours.ch\/fr\/wp-json\/wp\/v2\/pages\/106908","targetHints":{"allow":["GET"]}}],"collection":[{"href":"https:\/\/e-bike-tours.ch\/fr\/wp-json\/wp\/v2\/pages"}],"about":[{"href":"https:\/\/e-bike-tours.ch\/fr\/wp-json\/wp\/v2\/types\/page"}],"author":[{"embeddable":true,"href":"https:\/\/e-bike-tours.ch\/fr\/wp-json\/wp\/v2\/users\/1"}],"replies":[{"embeddable":true,"href":"https:\/\/e-bike-tours.ch\/fr\/wp-json\/wp\/v2\/comments?post=106908"}],"version-history":[{"count":4,"href":"https:\/\/e-bike-tours.ch\/fr\/wp-json\/wp\/v2\/pages\/106908\/revisions"}],"predecessor-version":[{"id":106916,"href":"https:\/\/e-bike-tours.ch\/fr\/wp-json\/wp\/v2\/pages\/106908\/revisions\/106916"}],"up":[{"embeddable":true,"href":"https:\/\/e-bike-tours.ch\/fr\/wp-json\/wp\/v2\/pages\/59650"}],"wp:attachment":[{"href":"https:\/\/e-bike-tours.ch\/fr\/wp-json\/wp\/v2\/media?parent=106908"}],"curies":[{"name":"wp","href":"https:\/\/api.w.org\/{rel}","templated":true}]}}